{"id":2740,"date":"2026-03-25T13:57:10","date_gmt":"2026-03-25T13:57:10","guid":{"rendered":"https:\/\/www.halas.si\/?post_type=product&#038;p=2740"},"modified":"2026-03-25T13:57:10","modified_gmt":"2026-03-25T13:57:10","slug":"stropna-lesena-svetilka-voga-2","status":"publish","type":"product","link":"https:\/\/www.halas.si\/de\/izdelek\/stropna-lesena-svetilka-voga-2\/","title":{"rendered":"Stropna lesena svetilka VOGA"},"content":{"rendered":"<p>DIMENZIJE:<br \/>\nDol\u017eina: 80cm<br \/>\n\u0160irina: 25-32cm<\/p>\n<p>MO\u010c in SVETILNOST:<br \/>\nDirektna osvetlitev: 3x direktna osvetlitev 4,9 do 5,7W(560-790lm\/sijalko) \u017earnice GU10 so prilo\u017eene.<br \/>\nIndirektna osvetlitev: 8,2W (1000lm)<\/p>\n<p>BARVA SVETLOBE:<br \/>\nIzbirate med 2700, 3000, 4000 K<\/p>\n<p>MO\u017dNOST PRILAGODITVE:<br \/>\nIzbirate med slede\u010dimi odtenki ohi\u0161ij za \u017earnice (\u010drna, krom, baker, bela, medenina)<\/p>\n<p>MONTA\u017dA:<br \/>\nV paketu dobite navodila in vse potrebno za monta\u017eo.<\/p>\n<p>GARANCIJA:<br \/>\n2 leti<\/p>\n<p>OBVESTILO:<br \/>\nLes je naraven material, zato se lu\u010di po svojem vzorcu lesnega vlakna med seboj razlikujejo.<\/p>\n<p>VARNOST:<br \/>\nSkladno z zahtevami CE, ustreza EU varnostnim standardom<\/p>\n","protected":false},"excerpt":{"rendered":"<p>Ta stropna hrastova svetilka v prostor vnese neposredno in ambientalno svetlobo z lebde\u010dim u\u010dinkom.<\/p>\n<p><span style=\"font-weight: 400;\">S svojo velikostjo in \u017eivim robom lesa bo v vsak prostor vnesla nekaj doma\u010dnosti in izjemnosti.<br \/>\n<\/span><\/p>\n<p><span style=\"font-weight: 400;\">Lu\u010d je za\u0161\u010ditena z naravnim lanenim oljem in je \u010dudovita popestritev prostora tudi kadar ni pri\u017egana.<\/span><\/p>\n","protected":false},"featured_media":2551,"comment_status":"closed","ping_status":"closed","template":"","meta":{"inline_featured_image":false},"product_brand":[],"product_cat":[28],"product_tag":[],"class_list":{"0":"post-2740","1":"product","2":"type-product","3":"status-publish","4":"has-post-thumbnail","6":"product_cat-lesene-luci","7":"resize-featured-image","8":"","9":"woocommerce-text-align-left","10":"woocommerce-image-align-center","11":"do-quantity-buttons","13":"first","14":"instock","15":"taxable","16":"shipping-taxable","17":"purchasable","18":"product-type-variable"},"yoast_head":"<!-- This site is optimized with the Yoast SEO plugin v27.4 - https:\/\/yoast.com\/product\/yoast-seo-wordpress\/ -->\n<title>Stropna lesena svetilka VOGA - Halas<\/title>\n<meta name=\"robots\" content=\"index, follow, max-snippet:-1, max-image-preview:large, max-video-preview:-1\" \/>\n<link rel=\"canonical\" href=\"https:\/\/www.halas.si\/de\/izdelek\/stropna-lesena-svetilka-voga-2\/\" \/>\n<meta property=\"og:locale\" content=\"de_DE\" \/>\n<meta property=\"og:type\" content=\"article\" \/>\n<meta property=\"og:title\" content=\"Stropna lesena svetilka VOGA - Halas\" \/>\n<meta property=\"og:description\" content=\"Ta stropna hrastova svetilka v prostor vnese neposredno in ambientalno svetlobo z lebde\u010dim u\u010dinkom.  S svojo velikostjo in \u017eivim robom lesa bo v vsak prostor vnesla nekaj doma\u010dnosti in izjemnosti.   Lu\u010d je za\u0161\u010ditena z naravnim lanenim oljem in je \u010dudovita popestritev prostora tudi kadar ni pri\u017egana.\" \/>\n<meta property=\"og:url\" content=\"https:\/\/www.halas.si\/de\/izdelek\/stropna-lesena-svetilka-voga-2\/\" \/>\n<meta property=\"og:site_name\" content=\"Halas\" \/>\n<meta property=\"article:publisher\" content=\"https:\/\/www.facebook.com\/HalasLights\/\" \/>\n<meta property=\"og:image\" content=\"https:\/\/www.halas.si\/wp-content\/uploads\/2026\/03\/ChatGPT-Image-Mar-11-2026-08_42_18-AM-1-683x1024.png\" \/>\n\t<meta property=\"og:image:width\" content=\"683\" \/>\n\t<meta property=\"og:image:height\" content=\"1024\" \/>\n\t<meta property=\"og:image:type\" content=\"image\/png\" \/>\n<meta name=\"twitter:card\" content=\"summary_large_image\" \/>\n<meta name=\"twitter:label1\" content=\"Gesch\u00e4tzte Lesezeit\" \/>\n\t<meta name=\"twitter:data1\" content=\"1\u00a0Minute\" \/>\n<script type=\"application\/ld+json\" class=\"yoast-schema-graph\">{\"@context\":\"https:\\\/\\\/schema.org\",\"@graph\":[{\"@type\":\"WebPage\",\"@id\":\"https:\\\/\\\/www.halas.si\\\/de\\\/izdelek\\\/stropna-lesena-svetilka-voga-2\\\/\",\"url\":\"https:\\\/\\\/www.halas.si\\\/de\\\/izdelek\\\/stropna-lesena-svetilka-voga-2\\\/\",\"name\":\"Stropna lesena svetilka VOGA - Halas\",\"isPartOf\":{\"@id\":\"https:\\\/\\\/www.halas.si\\\/de\\\/#website\"},\"primaryImageOfPage\":{\"@id\":\"https:\\\/\\\/www.halas.si\\\/de\\\/izdelek\\\/stropna-lesena-svetilka-voga-2\\\/#primaryimage\"},\"image\":{\"@id\":\"https:\\\/\\\/www.halas.si\\\/de\\\/izdelek\\\/stropna-lesena-svetilka-voga-2\\\/#primaryimage\"},\"thumbnailUrl\":\"https:\\\/\\\/www.halas.si\\\/wp-content\\\/uploads\\\/2026\\\/03\\\/ChatGPT-Image-Mar-11-2026-08_42_18-AM-1.png\",\"datePublished\":\"2026-03-25T13:57:10+00:00\",\"breadcrumb\":{\"@id\":\"https:\\\/\\\/www.halas.si\\\/de\\\/izdelek\\\/stropna-lesena-svetilka-voga-2\\\/#breadcrumb\"},\"inLanguage\":\"de\",\"potentialAction\":[{\"@type\":\"ReadAction\",\"target\":[\"https:\\\/\\\/www.halas.si\\\/de\\\/izdelek\\\/stropna-lesena-svetilka-voga-2\\\/\"]}]},{\"@type\":\"ImageObject\",\"inLanguage\":\"de\",\"@id\":\"https:\\\/\\\/www.halas.si\\\/de\\\/izdelek\\\/stropna-lesena-svetilka-voga-2\\\/#primaryimage\",\"url\":\"https:\\\/\\\/www.halas.si\\\/wp-content\\\/uploads\\\/2026\\\/03\\\/ChatGPT-Image-Mar-11-2026-08_42_18-AM-1.png\",\"contentUrl\":\"https:\\\/\\\/www.halas.si\\\/wp-content\\\/uploads\\\/2026\\\/03\\\/ChatGPT-Image-Mar-11-2026-08_42_18-AM-1.png\",\"width\":1024,\"height\":1536},{\"@type\":\"BreadcrumbList\",\"@id\":\"https:\\\/\\\/www.halas.si\\\/de\\\/izdelek\\\/stropna-lesena-svetilka-voga-2\\\/#breadcrumb\",\"itemListElement\":[{\"@type\":\"ListItem\",\"position\":1,\"name\":\"Home\",\"item\":\"https:\\\/\\\/www.halas.si\\\/de\\\/\"},{\"@type\":\"ListItem\",\"position\":2,\"name\":\"Shop\",\"item\":\"https:\\\/\\\/www.halas.si\\\/de\\\/shop\\\/\"},{\"@type\":\"ListItem\",\"position\":3,\"name\":\"Stropna lesena svetilka VOGA\"}]},{\"@type\":\"WebSite\",\"@id\":\"https:\\\/\\\/www.halas.si\\\/de\\\/#website\",\"url\":\"https:\\\/\\\/www.halas.si\\\/de\\\/\",\"name\":\"Svetila Halas\",\"description\":\"\",\"publisher\":{\"@id\":\"https:\\\/\\\/www.halas.si\\\/de\\\/#organization\"},\"potentialAction\":[{\"@type\":\"SearchAction\",\"target\":{\"@type\":\"EntryPoint\",\"urlTemplate\":\"https:\\\/\\\/www.halas.si\\\/de\\\/?s={search_term_string}\"},\"query-input\":{\"@type\":\"PropertyValueSpecification\",\"valueRequired\":true,\"valueName\":\"search_term_string\"}}],\"inLanguage\":\"de\"},{\"@type\":\"Organization\",\"@id\":\"https:\\\/\\\/www.halas.si\\\/de\\\/#organization\",\"name\":\"Halas Lampen\",\"url\":\"https:\\\/\\\/www.halas.si\\\/de\\\/\",\"logo\":{\"@type\":\"ImageObject\",\"inLanguage\":\"de\",\"@id\":\"https:\\\/\\\/www.halas.si\\\/de\\\/#\\\/schema\\\/logo\\\/image\\\/\",\"url\":\"https:\\\/\\\/www.halas.si\\\/wp-content\\\/uploads\\\/2023\\\/11\\\/halas-logotip.png\",\"contentUrl\":\"https:\\\/\\\/www.halas.si\\\/wp-content\\\/uploads\\\/2023\\\/11\\\/halas-logotip.png\",\"width\":871,\"height\":1029,\"caption\":\"Halas Lampen\"},\"image\":{\"@id\":\"https:\\\/\\\/www.halas.si\\\/de\\\/#\\\/schema\\\/logo\\\/image\\\/\"},\"sameAs\":[\"https:\\\/\\\/www.facebook.com\\\/HalasLights\\\/\"]}]}<\/script>\n<!-- \/ Yoast SEO plugin. -->","yoast_head_json":{"title":"Stropna lesena svetilka VOGA - Halas","robots":{"index":"index","follow":"follow","max-snippet":"max-snippet:-1","max-image-preview":"max-image-preview:large","max-video-preview":"max-video-preview:-1"},"canonical":"https:\/\/www.halas.si\/de\/izdelek\/stropna-lesena-svetilka-voga-2\/","og_locale":"de_DE","og_type":"article","og_title":"Stropna lesena svetilka VOGA - Halas","og_description":"Ta stropna hrastova svetilka v prostor vnese neposredno in ambientalno svetlobo z lebde\u010dim u\u010dinkom.  S svojo velikostjo in \u017eivim robom lesa bo v vsak prostor vnesla nekaj doma\u010dnosti in izjemnosti.   Lu\u010d je za\u0161\u010ditena z naravnim lanenim oljem in je \u010dudovita popestritev prostora tudi kadar ni pri\u017egana.","og_url":"https:\/\/www.halas.si\/de\/izdelek\/stropna-lesena-svetilka-voga-2\/","og_site_name":"Halas","article_publisher":"https:\/\/www.facebook.com\/HalasLights\/","og_image":[{"width":683,"height":1024,"url":"https:\/\/www.halas.si\/wp-content\/uploads\/2026\/03\/ChatGPT-Image-Mar-11-2026-08_42_18-AM-1-683x1024.png","type":"image\/png"}],"twitter_card":"summary_large_image","twitter_misc":{"Gesch\u00e4tzte Lesezeit":"1\u00a0Minute"},"schema":{"@context":"https:\/\/schema.org","@graph":[{"@type":"WebPage","@id":"https:\/\/www.halas.si\/de\/izdelek\/stropna-lesena-svetilka-voga-2\/","url":"https:\/\/www.halas.si\/de\/izdelek\/stropna-lesena-svetilka-voga-2\/","name":"Stropna lesena svetilka VOGA - Halas","isPartOf":{"@id":"https:\/\/www.halas.si\/de\/#website"},"primaryImageOfPage":{"@id":"https:\/\/www.halas.si\/de\/izdelek\/stropna-lesena-svetilka-voga-2\/#primaryimage"},"image":{"@id":"https:\/\/www.halas.si\/de\/izdelek\/stropna-lesena-svetilka-voga-2\/#primaryimage"},"thumbnailUrl":"https:\/\/www.halas.si\/wp-content\/uploads\/2026\/03\/ChatGPT-Image-Mar-11-2026-08_42_18-AM-1.png","datePublished":"2026-03-25T13:57:10+00:00","breadcrumb":{"@id":"https:\/\/www.halas.si\/de\/izdelek\/stropna-lesena-svetilka-voga-2\/#breadcrumb"},"inLanguage":"de","potentialAction":[{"@type":"ReadAction","target":["https:\/\/www.halas.si\/de\/izdelek\/stropna-lesena-svetilka-voga-2\/"]}]},{"@type":"ImageObject","inLanguage":"de","@id":"https:\/\/www.halas.si\/de\/izdelek\/stropna-lesena-svetilka-voga-2\/#primaryimage","url":"https:\/\/www.halas.si\/wp-content\/uploads\/2026\/03\/ChatGPT-Image-Mar-11-2026-08_42_18-AM-1.png","contentUrl":"https:\/\/www.halas.si\/wp-content\/uploads\/2026\/03\/ChatGPT-Image-Mar-11-2026-08_42_18-AM-1.png","width":1024,"height":1536},{"@type":"BreadcrumbList","@id":"https:\/\/www.halas.si\/de\/izdelek\/stropna-lesena-svetilka-voga-2\/#breadcrumb","itemListElement":[{"@type":"ListItem","position":1,"name":"Home","item":"https:\/\/www.halas.si\/de\/"},{"@type":"ListItem","position":2,"name":"Shop","item":"https:\/\/www.halas.si\/de\/shop\/"},{"@type":"ListItem","position":3,"name":"Stropna lesena svetilka VOGA"}]},{"@type":"WebSite","@id":"https:\/\/www.halas.si\/de\/#website","url":"https:\/\/www.halas.si\/de\/","name":"Svetila Halas","description":"","publisher":{"@id":"https:\/\/www.halas.si\/de\/#organization"},"potentialAction":[{"@type":"SearchAction","target":{"@type":"EntryPoint","urlTemplate":"https:\/\/www.halas.si\/de\/?s={search_term_string}"},"query-input":{"@type":"PropertyValueSpecification","valueRequired":true,"valueName":"search_term_string"}}],"inLanguage":"de"},{"@type":"Organization","@id":"https:\/\/www.halas.si\/de\/#organization","name":"Halas Lampen","url":"https:\/\/www.halas.si\/de\/","logo":{"@type":"ImageObject","inLanguage":"de","@id":"https:\/\/www.halas.si\/de\/#\/schema\/logo\/image\/","url":"https:\/\/www.halas.si\/wp-content\/uploads\/2023\/11\/halas-logotip.png","contentUrl":"https:\/\/www.halas.si\/wp-content\/uploads\/2023\/11\/halas-logotip.png","width":871,"height":1029,"caption":"Halas Lampen"},"image":{"@id":"https:\/\/www.halas.si\/de\/#\/schema\/logo\/image\/"},"sameAs":["https:\/\/www.facebook.com\/HalasLights\/"]}]}},"_links":{"self":[{"href":"https:\/\/www.halas.si\/de\/wp-json\/wp\/v2\/product\/2740","targetHints":{"allow":["GET"]}}],"collection":[{"href":"https:\/\/www.halas.si\/de\/wp-json\/wp\/v2\/product"}],"about":[{"href":"https:\/\/www.halas.si\/de\/wp-json\/wp\/v2\/types\/product"}],"replies":[{"embeddable":true,"href":"https:\/\/www.halas.si\/de\/wp-json\/wp\/v2\/comments?post=2740"}],"wp:featuredmedia":[{"embeddable":true,"href":"https:\/\/www.halas.si\/de\/wp-json\/wp\/v2\/media\/2551"}],"wp:attachment":[{"href":"https:\/\/www.halas.si\/de\/wp-json\/wp\/v2\/media?parent=2740"}],"wp:term":[{"taxonomy":"product_brand","embeddable":true,"href":"https:\/\/www.halas.si\/de\/wp-json\/wp\/v2\/product_brand?post=2740"},{"taxonomy":"product_cat","embeddable":true,"href":"https:\/\/www.halas.si\/de\/wp-json\/wp\/v2\/product_cat?post=2740"},{"taxonomy":"product_tag","embeddable":true,"href":"https:\/\/www.halas.si\/de\/wp-json\/wp\/v2\/product_tag?post=2740"}],"curies":[{"name":"wp","href":"https:\/\/api.w.org\/{rel}","templated":true}]}}