{"id":2024,"date":"2023-12-15T12:01:11","date_gmt":"2023-12-15T12:01:11","guid":{"rendered":"https:\/\/www.halas.si\/izdelek\/minimalistisches-holzkreuz-mit-gerader-kante\/"},"modified":"2023-12-15T12:01:11","modified_gmt":"2023-12-15T12:01:11","slug":"minimalistisches-holzkreuz-mit-gerader-kante","status":"publish","type":"product","link":"https:\/\/www.halas.si\/de\/izdelek\/minimalistisches-holzkreuz-mit-gerader-kante\/","title":{"rendered":"Minimalistisches Holzkreuz mit gerader Kante"},"content":{"rendered":"<p><strong>\ud83c\udf81 KOMPLETTES GESCHENK:<\/strong><br \/>\nSie suchen nach einem sinnvollen Geschenk? Ob zur Einweihung, zur Hochzeit, zum Jahrestag, zur Taufe, zur Konfirmation oder zu einem anderen besonderen Anlass &#8211; dieses h\u00f6lzerne Wandkreuz ist ein von Herzen kommendes und dauerhaftes Geschenk, an das sich der Beschenkte noch jahrelang erinnern wird. <g id=\"gid_2\">\ud83d\udd28 ANPASSBARKEIT:<\/g><x id=\"gid_3\"><\/x>Wenn Sie dem Kreuz eine pers\u00f6nliche Note verleihen m\u00f6chten (z.B. eine eingravierte Widmung, ein Bibelzitat, eine Auswahl an verschiedenen H\u00f6lzern&#8230;), sind wir f\u00fcr eine individuelle Bestellung verf\u00fcgbar. Bitte kontaktieren Sie uns vor dem Kauf: <g id=\"gid_4\">info@halas.si.<\/g> <\/p>\n<p><strong>ABMESSUNGEN:<\/strong> Erh\u00e4ltlich in 6 verschiedenen Gr\u00f6\u00dfen:<br \/>\nXS 27 x 14,5 x 5 cm<br \/>\nS 40 x 21,5 x 7 cm<br \/>\nM 60 x 32 x 9 cm<br \/>\nL 74 x 40 x 11 cm<br \/>\nXL 100 x 54 x 13 cm<br \/>\nXXL 120 x 65 x 17 cm <g id=\"gid_7\">MATERIAL:<\/g><x id=\"gid_8\"><\/x>Kreuz: 100% FSC-zertifizierte massive Eiche, Walnuss oder Ahorn (bitte kontaktieren Sie uns f\u00fcr eine Auswahl anderer H\u00f6lzer) <g id=\"gid_9\">SCHUTZ:<\/g><x id=\"gid_10\"><\/x>Holz: Lein\u00f6l <g id=\"gid_11\">AUFH\u00c4NGUNG:<\/g> Fertig zum Aufh\u00e4ngen mit der mitgelieferten Wandschraube <g id=\"gid_12\">BENUTZUNG:<\/g> Nur f\u00fcr den Innenbereich! (Falls Sie es f\u00fcr den Au\u00dfenbereich verwenden m\u00f6chten, informieren Sie uns bitte vor der Bestellung) <g id=\"gid_13\">HINWEIS:<\/g> Jedes Kreuz ist handgefertigt und einzigartig, daher kann das von Ihnen bestellte Produkt leicht von dem abgebildeten abweichen.<\/p>\n","protected":false},"excerpt":{"rendered":"<p><span style=\"font-weight: 400;\">Dieses Wandkreuz aus Eichenholz hat ein einfaches Design, das einen anderen Blickwinkel zeigt.<\/span><\/p>\n","protected":false},"featured_media":1818,"comment_status":"closed","ping_status":"closed","template":"","meta":{"inline_featured_image":false},"product_brand":[],"product_cat":[47],"product_tag":[],"class_list":{"0":"post-2024","1":"product","2":"type-product","3":"status-publish","4":"has-post-thumbnail","6":"product_cat-holzkreuze","7":"resize-featured-image","8":"","9":"woocommerce-text-align-left","10":"woocommerce-image-align-center","11":"do-quantity-buttons","13":"first","14":"instock","15":"taxable","16":"shipping-taxable","17":"purchasable","18":"product-type-variable"},"yoast_head":"<!-- This site is optimized with the Yoast SEO plugin v27.4 - https:\/\/yoast.com\/product\/yoast-seo-wordpress\/ -->\n<title>Minimalistisches Holzkreuz mit gerader Kante - Halas<\/title>\n<meta name=\"robots\" content=\"index, follow, max-snippet:-1, max-image-preview:large, max-video-preview:-1\" \/>\n<link rel=\"canonical\" href=\"https:\/\/www.halas.si\/de\/izdelek\/minimalistisches-holzkreuz-mit-gerader-kante\/\" \/>\n<meta property=\"og:locale\" content=\"de_DE\" \/>\n<meta property=\"og:type\" content=\"article\" \/>\n<meta property=\"og:title\" content=\"Minimalistisches Holzkreuz mit gerader Kante - Halas\" \/>\n<meta property=\"og:description\" content=\"Dieses Wandkreuz aus Eichenholz hat ein einfaches Design, das einen anderen Blickwinkel zeigt.\" \/>\n<meta property=\"og:url\" content=\"https:\/\/www.halas.si\/de\/izdelek\/minimalistisches-holzkreuz-mit-gerader-kante\/\" \/>\n<meta property=\"og:site_name\" content=\"Halas\" \/>\n<meta property=\"article:publisher\" content=\"https:\/\/www.facebook.com\/HalasLights\/\" \/>\n<meta property=\"og:image\" content=\"https:\/\/www.halas.si\/wp-content\/uploads\/2023\/12\/kriz-raven-1.png\" \/>\n\t<meta property=\"og:image:width\" content=\"1588\" \/>\n\t<meta property=\"og:image:height\" content=\"1191\" \/>\n\t<meta property=\"og:image:type\" content=\"image\/png\" \/>\n<meta name=\"twitter:card\" content=\"summary_large_image\" \/>\n<meta name=\"twitter:label1\" content=\"Gesch\u00e4tzte Lesezeit\" \/>\n\t<meta name=\"twitter:data1\" content=\"1\u00a0Minute\" \/>\n<script type=\"application\/ld+json\" class=\"yoast-schema-graph\">{\"@context\":\"https:\\\/\\\/schema.org\",\"@graph\":[{\"@type\":\"WebPage\",\"@id\":\"https:\\\/\\\/www.halas.si\\\/de\\\/izdelek\\\/minimalistisches-holzkreuz-mit-gerader-kante\\\/\",\"url\":\"https:\\\/\\\/www.halas.si\\\/de\\\/izdelek\\\/minimalistisches-holzkreuz-mit-gerader-kante\\\/\",\"name\":\"Minimalistisches Holzkreuz mit gerader Kante - Halas\",\"isPartOf\":{\"@id\":\"https:\\\/\\\/www.halas.si\\\/de\\\/#website\"},\"primaryImageOfPage\":{\"@id\":\"https:\\\/\\\/www.halas.si\\\/de\\\/izdelek\\\/minimalistisches-holzkreuz-mit-gerader-kante\\\/#primaryimage\"},\"image\":{\"@id\":\"https:\\\/\\\/www.halas.si\\\/de\\\/izdelek\\\/minimalistisches-holzkreuz-mit-gerader-kante\\\/#primaryimage\"},\"thumbnailUrl\":\"https:\\\/\\\/www.halas.si\\\/wp-content\\\/uploads\\\/2023\\\/12\\\/kriz-raven-1.png\",\"datePublished\":\"2023-12-15T12:01:11+00:00\",\"breadcrumb\":{\"@id\":\"https:\\\/\\\/www.halas.si\\\/de\\\/izdelek\\\/minimalistisches-holzkreuz-mit-gerader-kante\\\/#breadcrumb\"},\"inLanguage\":\"de\",\"potentialAction\":[{\"@type\":\"ReadAction\",\"target\":[\"https:\\\/\\\/www.halas.si\\\/de\\\/izdelek\\\/minimalistisches-holzkreuz-mit-gerader-kante\\\/\"]}]},{\"@type\":\"ImageObject\",\"inLanguage\":\"de\",\"@id\":\"https:\\\/\\\/www.halas.si\\\/de\\\/izdelek\\\/minimalistisches-holzkreuz-mit-gerader-kante\\\/#primaryimage\",\"url\":\"https:\\\/\\\/www.halas.si\\\/wp-content\\\/uploads\\\/2023\\\/12\\\/kriz-raven-1.png\",\"contentUrl\":\"https:\\\/\\\/www.halas.si\\\/wp-content\\\/uploads\\\/2023\\\/12\\\/kriz-raven-1.png\",\"width\":1588,\"height\":1191},{\"@type\":\"BreadcrumbList\",\"@id\":\"https:\\\/\\\/www.halas.si\\\/de\\\/izdelek\\\/minimalistisches-holzkreuz-mit-gerader-kante\\\/#breadcrumb\",\"itemListElement\":[{\"@type\":\"ListItem\",\"position\":1,\"name\":\"Home\",\"item\":\"https:\\\/\\\/www.halas.si\\\/de\\\/\"},{\"@type\":\"ListItem\",\"position\":2,\"name\":\"Shop\",\"item\":\"https:\\\/\\\/www.halas.si\\\/de\\\/shop\\\/\"},{\"@type\":\"ListItem\",\"position\":3,\"name\":\"Minimalistisches Holzkreuz mit gerader Kante\"}]},{\"@type\":\"WebSite\",\"@id\":\"https:\\\/\\\/www.halas.si\\\/de\\\/#website\",\"url\":\"https:\\\/\\\/www.halas.si\\\/de\\\/\",\"name\":\"Svetila Halas\",\"description\":\"\",\"publisher\":{\"@id\":\"https:\\\/\\\/www.halas.si\\\/de\\\/#organization\"},\"potentialAction\":[{\"@type\":\"SearchAction\",\"target\":{\"@type\":\"EntryPoint\",\"urlTemplate\":\"https:\\\/\\\/www.halas.si\\\/de\\\/?s={search_term_string}\"},\"query-input\":{\"@type\":\"PropertyValueSpecification\",\"valueRequired\":true,\"valueName\":\"search_term_string\"}}],\"inLanguage\":\"de\"},{\"@type\":\"Organization\",\"@id\":\"https:\\\/\\\/www.halas.si\\\/de\\\/#organization\",\"name\":\"Halas Lampen\",\"url\":\"https:\\\/\\\/www.halas.si\\\/de\\\/\",\"logo\":{\"@type\":\"ImageObject\",\"inLanguage\":\"de\",\"@id\":\"https:\\\/\\\/www.halas.si\\\/de\\\/#\\\/schema\\\/logo\\\/image\\\/\",\"url\":\"https:\\\/\\\/www.halas.si\\\/wp-content\\\/uploads\\\/2023\\\/11\\\/halas-logotip.png\",\"contentUrl\":\"https:\\\/\\\/www.halas.si\\\/wp-content\\\/uploads\\\/2023\\\/11\\\/halas-logotip.png\",\"width\":871,\"height\":1029,\"caption\":\"Halas Lampen\"},\"image\":{\"@id\":\"https:\\\/\\\/www.halas.si\\\/de\\\/#\\\/schema\\\/logo\\\/image\\\/\"},\"sameAs\":[\"https:\\\/\\\/www.facebook.com\\\/HalasLights\\\/\"]}]}<\/script>\n<!-- \/ Yoast SEO plugin. -->","yoast_head_json":{"title":"Minimalistisches Holzkreuz mit gerader Kante - Halas","robots":{"index":"index","follow":"follow","max-snippet":"max-snippet:-1","max-image-preview":"max-image-preview:large","max-video-preview":"max-video-preview:-1"},"canonical":"https:\/\/www.halas.si\/de\/izdelek\/minimalistisches-holzkreuz-mit-gerader-kante\/","og_locale":"de_DE","og_type":"article","og_title":"Minimalistisches Holzkreuz mit gerader Kante - Halas","og_description":"Dieses Wandkreuz aus Eichenholz hat ein einfaches Design, das einen anderen Blickwinkel zeigt.","og_url":"https:\/\/www.halas.si\/de\/izdelek\/minimalistisches-holzkreuz-mit-gerader-kante\/","og_site_name":"Halas","article_publisher":"https:\/\/www.facebook.com\/HalasLights\/","og_image":[{"width":1588,"height":1191,"url":"https:\/\/www.halas.si\/wp-content\/uploads\/2023\/12\/kriz-raven-1.png","type":"image\/png"}],"twitter_card":"summary_large_image","twitter_misc":{"Gesch\u00e4tzte Lesezeit":"1\u00a0Minute"},"schema":{"@context":"https:\/\/schema.org","@graph":[{"@type":"WebPage","@id":"https:\/\/www.halas.si\/de\/izdelek\/minimalistisches-holzkreuz-mit-gerader-kante\/","url":"https:\/\/www.halas.si\/de\/izdelek\/minimalistisches-holzkreuz-mit-gerader-kante\/","name":"Minimalistisches Holzkreuz mit gerader Kante - Halas","isPartOf":{"@id":"https:\/\/www.halas.si\/de\/#website"},"primaryImageOfPage":{"@id":"https:\/\/www.halas.si\/de\/izdelek\/minimalistisches-holzkreuz-mit-gerader-kante\/#primaryimage"},"image":{"@id":"https:\/\/www.halas.si\/de\/izdelek\/minimalistisches-holzkreuz-mit-gerader-kante\/#primaryimage"},"thumbnailUrl":"https:\/\/www.halas.si\/wp-content\/uploads\/2023\/12\/kriz-raven-1.png","datePublished":"2023-12-15T12:01:11+00:00","breadcrumb":{"@id":"https:\/\/www.halas.si\/de\/izdelek\/minimalistisches-holzkreuz-mit-gerader-kante\/#breadcrumb"},"inLanguage":"de","potentialAction":[{"@type":"ReadAction","target":["https:\/\/www.halas.si\/de\/izdelek\/minimalistisches-holzkreuz-mit-gerader-kante\/"]}]},{"@type":"ImageObject","inLanguage":"de","@id":"https:\/\/www.halas.si\/de\/izdelek\/minimalistisches-holzkreuz-mit-gerader-kante\/#primaryimage","url":"https:\/\/www.halas.si\/wp-content\/uploads\/2023\/12\/kriz-raven-1.png","contentUrl":"https:\/\/www.halas.si\/wp-content\/uploads\/2023\/12\/kriz-raven-1.png","width":1588,"height":1191},{"@type":"BreadcrumbList","@id":"https:\/\/www.halas.si\/de\/izdelek\/minimalistisches-holzkreuz-mit-gerader-kante\/#breadcrumb","itemListElement":[{"@type":"ListItem","position":1,"name":"Home","item":"https:\/\/www.halas.si\/de\/"},{"@type":"ListItem","position":2,"name":"Shop","item":"https:\/\/www.halas.si\/de\/shop\/"},{"@type":"ListItem","position":3,"name":"Minimalistisches Holzkreuz mit gerader Kante"}]},{"@type":"WebSite","@id":"https:\/\/www.halas.si\/de\/#website","url":"https:\/\/www.halas.si\/de\/","name":"Svetila Halas","description":"","publisher":{"@id":"https:\/\/www.halas.si\/de\/#organization"},"potentialAction":[{"@type":"SearchAction","target":{"@type":"EntryPoint","urlTemplate":"https:\/\/www.halas.si\/de\/?s={search_term_string}"},"query-input":{"@type":"PropertyValueSpecification","valueRequired":true,"valueName":"search_term_string"}}],"inLanguage":"de"},{"@type":"Organization","@id":"https:\/\/www.halas.si\/de\/#organization","name":"Halas Lampen","url":"https:\/\/www.halas.si\/de\/","logo":{"@type":"ImageObject","inLanguage":"de","@id":"https:\/\/www.halas.si\/de\/#\/schema\/logo\/image\/","url":"https:\/\/www.halas.si\/wp-content\/uploads\/2023\/11\/halas-logotip.png","contentUrl":"https:\/\/www.halas.si\/wp-content\/uploads\/2023\/11\/halas-logotip.png","width":871,"height":1029,"caption":"Halas Lampen"},"image":{"@id":"https:\/\/www.halas.si\/de\/#\/schema\/logo\/image\/"},"sameAs":["https:\/\/www.facebook.com\/HalasLights\/"]}]}},"_links":{"self":[{"href":"https:\/\/www.halas.si\/de\/wp-json\/wp\/v2\/product\/2024","targetHints":{"allow":["GET"]}}],"collection":[{"href":"https:\/\/www.halas.si\/de\/wp-json\/wp\/v2\/product"}],"about":[{"href":"https:\/\/www.halas.si\/de\/wp-json\/wp\/v2\/types\/product"}],"replies":[{"embeddable":true,"href":"https:\/\/www.halas.si\/de\/wp-json\/wp\/v2\/comments?post=2024"}],"wp:featuredmedia":[{"embeddable":true,"href":"https:\/\/www.halas.si\/de\/wp-json\/wp\/v2\/media\/1818"}],"wp:attachment":[{"href":"https:\/\/www.halas.si\/de\/wp-json\/wp\/v2\/media?parent=2024"}],"wp:term":[{"taxonomy":"product_brand","embeddable":true,"href":"https:\/\/www.halas.si\/de\/wp-json\/wp\/v2\/product_brand?post=2024"},{"taxonomy":"product_cat","embeddable":true,"href":"https:\/\/www.halas.si\/de\/wp-json\/wp\/v2\/product_cat?post=2024"},{"taxonomy":"product_tag","embeddable":true,"href":"https:\/\/www.halas.si\/de\/wp-json\/wp\/v2\/product_tag?post=2024"}],"curies":[{"name":"wp","href":"https:\/\/api.w.org\/{rel}","templated":true}]}}