{"id":2023,"date":"2023-12-15T12:15:45","date_gmt":"2023-12-15T12:15:45","guid":{"rendered":"https:\/\/www.halas.si\/izdelek\/ambientelicht-aus-massiver-eiche-river\/"},"modified":"2023-12-15T12:15:45","modified_gmt":"2023-12-15T12:15:45","slug":"ambientelicht-aus-massiver-eiche-river","status":"publish","type":"product","link":"https:\/\/www.halas.si\/de\/izdelek\/ambientelicht-aus-massiver-eiche-river\/","title":{"rendered":"Ambientelicht aus massiver Eiche RIVER"},"content":{"rendered":"<p>ABMESSUNGEN: 16 x 16 x 100 cm (f\u00fcr andere Abmessungen kontaktieren Sie uns bitte vor der Bestellung) SCHALTER: eingebauter dimmbarer Schalter LICHTST\u00c4RKE: 1080 lm (nach innen gerichtet) LICHTFARBE: 3000K LICHTVERBRAUCH: 9 kW\/1000 h LEBENSDAUER: 30.GARANTIE: 2 Jahre HINWEIS: Holz ist ein nat\u00fcrliches Material, daher kann die Maserung der Leuchten variieren. Hergestellt aus 100% FSC-zertifiziertem massivem Eichenholz.<\/p>\n","protected":false},"excerpt":{"rendered":"<p><span style=\"font-weight: 400;\">Diese Stehlampe unterstreicht die nat\u00fcrliche Sch\u00f6nheit von Eichenholz mit ihren schlichten und eleganten Linien. <\/span><\/p>\n<p><span style=\"font-weight: 400;\">Die Holzlampe passt perfekt zu einer Vielzahl von Einrichtungsstilen und verleiht Ihrem Raum einen zeitlosen und anspruchsvollen Look.<\/span><\/p>\n<p><span style=\"font-weight: 400;\">Sie gibt ein angenehmes Umgebungslicht ab und eignet sich f\u00fcr das Schlafzimmer, das Kinderzimmer, das Wohnzimmer oder jeden Raum, dem Sie W\u00e4rme und Sch\u00f6nheit verleihen m\u00f6chten.<\/span><\/p>\n","protected":false},"featured_media":1312,"comment_status":"closed","ping_status":"closed","template":"","meta":{"inline_featured_image":false},"product_brand":[],"product_cat":[46],"product_tag":[],"class_list":{"0":"post-2023","1":"product","2":"type-product","3":"status-publish","4":"has-post-thumbnail","6":"product_cat-holzlaternen","7":"resize-featured-image","8":"","9":"woocommerce-text-align-left","10":"woocommerce-image-align-center","11":"do-quantity-buttons","13":"first","14":"instock","15":"taxable","16":"shipping-taxable","17":"purchasable","18":"product-type-simple"},"yoast_head":"<!-- This site is optimized with the Yoast SEO plugin v27.4 - https:\/\/yoast.com\/product\/yoast-seo-wordpress\/ -->\n<title>Ambientelicht aus massiver Eiche RIVER - Halas<\/title>\n<meta name=\"robots\" content=\"index, follow, max-snippet:-1, max-image-preview:large, max-video-preview:-1\" \/>\n<link rel=\"canonical\" href=\"https:\/\/www.halas.si\/de\/izdelek\/ambientelicht-aus-massiver-eiche-river\/\" \/>\n<meta property=\"og:locale\" content=\"de_DE\" \/>\n<meta property=\"og:type\" content=\"article\" \/>\n<meta property=\"og:title\" content=\"Ambientelicht aus massiver Eiche RIVER - Halas\" \/>\n<meta property=\"og:description\" content=\"Diese Stehlampe unterstreicht die nat\u00fcrliche Sch\u00f6nheit von Eichenholz mit ihren schlichten und eleganten Linien.  Die Holzlampe passt perfekt zu einer Vielzahl von Einrichtungsstilen und verleiht Ihrem Raum einen zeitlosen und anspruchsvollen Look. Sie gibt ein angenehmes Umgebungslicht ab und eignet sich f\u00fcr das Schlafzimmer, das Kinderzimmer, das Wohnzimmer oder jeden Raum, dem Sie W\u00e4rme und Sch\u00f6nheit verleihen m\u00f6chten.\" \/>\n<meta property=\"og:url\" content=\"https:\/\/www.halas.si\/de\/izdelek\/ambientelicht-aus-massiver-eiche-river\/\" \/>\n<meta property=\"og:site_name\" content=\"Halas\" \/>\n<meta property=\"article:publisher\" content=\"https:\/\/www.facebook.com\/HalasLights\/\" \/>\n<meta property=\"og:image\" content=\"https:\/\/www.halas.si\/wp-content\/uploads\/2023\/12\/reka-2.png\" \/>\n\t<meta property=\"og:image:width\" content=\"1588\" \/>\n\t<meta property=\"og:image:height\" content=\"1191\" \/>\n\t<meta property=\"og:image:type\" content=\"image\/png\" \/>\n<meta name=\"twitter:card\" content=\"summary_large_image\" \/>\n<script type=\"application\/ld+json\" class=\"yoast-schema-graph\">{\"@context\":\"https:\\\/\\\/schema.org\",\"@graph\":[{\"@type\":\"WebPage\",\"@id\":\"https:\\\/\\\/www.halas.si\\\/de\\\/izdelek\\\/ambientelicht-aus-massiver-eiche-river\\\/\",\"url\":\"https:\\\/\\\/www.halas.si\\\/de\\\/izdelek\\\/ambientelicht-aus-massiver-eiche-river\\\/\",\"name\":\"Ambientelicht aus massiver Eiche RIVER - Halas\",\"isPartOf\":{\"@id\":\"https:\\\/\\\/www.halas.si\\\/de\\\/#website\"},\"primaryImageOfPage\":{\"@id\":\"https:\\\/\\\/www.halas.si\\\/de\\\/izdelek\\\/ambientelicht-aus-massiver-eiche-river\\\/#primaryimage\"},\"image\":{\"@id\":\"https:\\\/\\\/www.halas.si\\\/de\\\/izdelek\\\/ambientelicht-aus-massiver-eiche-river\\\/#primaryimage\"},\"thumbnailUrl\":\"https:\\\/\\\/www.halas.si\\\/wp-content\\\/uploads\\\/2023\\\/12\\\/reka-2.png\",\"datePublished\":\"2023-12-15T12:15:45+00:00\",\"breadcrumb\":{\"@id\":\"https:\\\/\\\/www.halas.si\\\/de\\\/izdelek\\\/ambientelicht-aus-massiver-eiche-river\\\/#breadcrumb\"},\"inLanguage\":\"de\",\"potentialAction\":[{\"@type\":\"ReadAction\",\"target\":[\"https:\\\/\\\/www.halas.si\\\/de\\\/izdelek\\\/ambientelicht-aus-massiver-eiche-river\\\/\"]}]},{\"@type\":\"ImageObject\",\"inLanguage\":\"de\",\"@id\":\"https:\\\/\\\/www.halas.si\\\/de\\\/izdelek\\\/ambientelicht-aus-massiver-eiche-river\\\/#primaryimage\",\"url\":\"https:\\\/\\\/www.halas.si\\\/wp-content\\\/uploads\\\/2023\\\/12\\\/reka-2.png\",\"contentUrl\":\"https:\\\/\\\/www.halas.si\\\/wp-content\\\/uploads\\\/2023\\\/12\\\/reka-2.png\",\"width\":1588,\"height\":1191},{\"@type\":\"BreadcrumbList\",\"@id\":\"https:\\\/\\\/www.halas.si\\\/de\\\/izdelek\\\/ambientelicht-aus-massiver-eiche-river\\\/#breadcrumb\",\"itemListElement\":[{\"@type\":\"ListItem\",\"position\":1,\"name\":\"Home\",\"item\":\"https:\\\/\\\/www.halas.si\\\/de\\\/\"},{\"@type\":\"ListItem\",\"position\":2,\"name\":\"Shop\",\"item\":\"https:\\\/\\\/www.halas.si\\\/de\\\/shop\\\/\"},{\"@type\":\"ListItem\",\"position\":3,\"name\":\"Ambientelicht aus massiver Eiche RIVER\"}]},{\"@type\":\"WebSite\",\"@id\":\"https:\\\/\\\/www.halas.si\\\/de\\\/#website\",\"url\":\"https:\\\/\\\/www.halas.si\\\/de\\\/\",\"name\":\"Svetila Halas\",\"description\":\"\",\"publisher\":{\"@id\":\"https:\\\/\\\/www.halas.si\\\/de\\\/#organization\"},\"potentialAction\":[{\"@type\":\"SearchAction\",\"target\":{\"@type\":\"EntryPoint\",\"urlTemplate\":\"https:\\\/\\\/www.halas.si\\\/de\\\/?s={search_term_string}\"},\"query-input\":{\"@type\":\"PropertyValueSpecification\",\"valueRequired\":true,\"valueName\":\"search_term_string\"}}],\"inLanguage\":\"de\"},{\"@type\":\"Organization\",\"@id\":\"https:\\\/\\\/www.halas.si\\\/de\\\/#organization\",\"name\":\"Halas Lampen\",\"url\":\"https:\\\/\\\/www.halas.si\\\/de\\\/\",\"logo\":{\"@type\":\"ImageObject\",\"inLanguage\":\"de\",\"@id\":\"https:\\\/\\\/www.halas.si\\\/de\\\/#\\\/schema\\\/logo\\\/image\\\/\",\"url\":\"https:\\\/\\\/www.halas.si\\\/wp-content\\\/uploads\\\/2023\\\/11\\\/halas-logotip.png\",\"contentUrl\":\"https:\\\/\\\/www.halas.si\\\/wp-content\\\/uploads\\\/2023\\\/11\\\/halas-logotip.png\",\"width\":871,\"height\":1029,\"caption\":\"Halas Lampen\"},\"image\":{\"@id\":\"https:\\\/\\\/www.halas.si\\\/de\\\/#\\\/schema\\\/logo\\\/image\\\/\"},\"sameAs\":[\"https:\\\/\\\/www.facebook.com\\\/HalasLights\\\/\"]}]}<\/script>\n<!-- \/ Yoast SEO plugin. -->","yoast_head_json":{"title":"Ambientelicht aus massiver Eiche RIVER - Halas","robots":{"index":"index","follow":"follow","max-snippet":"max-snippet:-1","max-image-preview":"max-image-preview:large","max-video-preview":"max-video-preview:-1"},"canonical":"https:\/\/www.halas.si\/de\/izdelek\/ambientelicht-aus-massiver-eiche-river\/","og_locale":"de_DE","og_type":"article","og_title":"Ambientelicht aus massiver Eiche RIVER - Halas","og_description":"Diese Stehlampe unterstreicht die nat\u00fcrliche Sch\u00f6nheit von Eichenholz mit ihren schlichten und eleganten Linien.  Die Holzlampe passt perfekt zu einer Vielzahl von Einrichtungsstilen und verleiht Ihrem Raum einen zeitlosen und anspruchsvollen Look. Sie gibt ein angenehmes Umgebungslicht ab und eignet sich f\u00fcr das Schlafzimmer, das Kinderzimmer, das Wohnzimmer oder jeden Raum, dem Sie W\u00e4rme und Sch\u00f6nheit verleihen m\u00f6chten.","og_url":"https:\/\/www.halas.si\/de\/izdelek\/ambientelicht-aus-massiver-eiche-river\/","og_site_name":"Halas","article_publisher":"https:\/\/www.facebook.com\/HalasLights\/","og_image":[{"width":1588,"height":1191,"url":"https:\/\/www.halas.si\/wp-content\/uploads\/2023\/12\/reka-2.png","type":"image\/png"}],"twitter_card":"summary_large_image","schema":{"@context":"https:\/\/schema.org","@graph":[{"@type":"WebPage","@id":"https:\/\/www.halas.si\/de\/izdelek\/ambientelicht-aus-massiver-eiche-river\/","url":"https:\/\/www.halas.si\/de\/izdelek\/ambientelicht-aus-massiver-eiche-river\/","name":"Ambientelicht aus massiver Eiche RIVER - Halas","isPartOf":{"@id":"https:\/\/www.halas.si\/de\/#website"},"primaryImageOfPage":{"@id":"https:\/\/www.halas.si\/de\/izdelek\/ambientelicht-aus-massiver-eiche-river\/#primaryimage"},"image":{"@id":"https:\/\/www.halas.si\/de\/izdelek\/ambientelicht-aus-massiver-eiche-river\/#primaryimage"},"thumbnailUrl":"https:\/\/www.halas.si\/wp-content\/uploads\/2023\/12\/reka-2.png","datePublished":"2023-12-15T12:15:45+00:00","breadcrumb":{"@id":"https:\/\/www.halas.si\/de\/izdelek\/ambientelicht-aus-massiver-eiche-river\/#breadcrumb"},"inLanguage":"de","potentialAction":[{"@type":"ReadAction","target":["https:\/\/www.halas.si\/de\/izdelek\/ambientelicht-aus-massiver-eiche-river\/"]}]},{"@type":"ImageObject","inLanguage":"de","@id":"https:\/\/www.halas.si\/de\/izdelek\/ambientelicht-aus-massiver-eiche-river\/#primaryimage","url":"https:\/\/www.halas.si\/wp-content\/uploads\/2023\/12\/reka-2.png","contentUrl":"https:\/\/www.halas.si\/wp-content\/uploads\/2023\/12\/reka-2.png","width":1588,"height":1191},{"@type":"BreadcrumbList","@id":"https:\/\/www.halas.si\/de\/izdelek\/ambientelicht-aus-massiver-eiche-river\/#breadcrumb","itemListElement":[{"@type":"ListItem","position":1,"name":"Home","item":"https:\/\/www.halas.si\/de\/"},{"@type":"ListItem","position":2,"name":"Shop","item":"https:\/\/www.halas.si\/de\/shop\/"},{"@type":"ListItem","position":3,"name":"Ambientelicht aus massiver Eiche RIVER"}]},{"@type":"WebSite","@id":"https:\/\/www.halas.si\/de\/#website","url":"https:\/\/www.halas.si\/de\/","name":"Svetila Halas","description":"","publisher":{"@id":"https:\/\/www.halas.si\/de\/#organization"},"potentialAction":[{"@type":"SearchAction","target":{"@type":"EntryPoint","urlTemplate":"https:\/\/www.halas.si\/de\/?s={search_term_string}"},"query-input":{"@type":"PropertyValueSpecification","valueRequired":true,"valueName":"search_term_string"}}],"inLanguage":"de"},{"@type":"Organization","@id":"https:\/\/www.halas.si\/de\/#organization","name":"Halas Lampen","url":"https:\/\/www.halas.si\/de\/","logo":{"@type":"ImageObject","inLanguage":"de","@id":"https:\/\/www.halas.si\/de\/#\/schema\/logo\/image\/","url":"https:\/\/www.halas.si\/wp-content\/uploads\/2023\/11\/halas-logotip.png","contentUrl":"https:\/\/www.halas.si\/wp-content\/uploads\/2023\/11\/halas-logotip.png","width":871,"height":1029,"caption":"Halas Lampen"},"image":{"@id":"https:\/\/www.halas.si\/de\/#\/schema\/logo\/image\/"},"sameAs":["https:\/\/www.facebook.com\/HalasLights\/"]}]}},"_links":{"self":[{"href":"https:\/\/www.halas.si\/de\/wp-json\/wp\/v2\/product\/2023","targetHints":{"allow":["GET"]}}],"collection":[{"href":"https:\/\/www.halas.si\/de\/wp-json\/wp\/v2\/product"}],"about":[{"href":"https:\/\/www.halas.si\/de\/wp-json\/wp\/v2\/types\/product"}],"replies":[{"embeddable":true,"href":"https:\/\/www.halas.si\/de\/wp-json\/wp\/v2\/comments?post=2023"}],"wp:featuredmedia":[{"embeddable":true,"href":"https:\/\/www.halas.si\/de\/wp-json\/wp\/v2\/media\/1312"}],"wp:attachment":[{"href":"https:\/\/www.halas.si\/de\/wp-json\/wp\/v2\/media?parent=2023"}],"wp:term":[{"taxonomy":"product_brand","embeddable":true,"href":"https:\/\/www.halas.si\/de\/wp-json\/wp\/v2\/product_brand?post=2023"},{"taxonomy":"product_cat","embeddable":true,"href":"https:\/\/www.halas.si\/de\/wp-json\/wp\/v2\/product_cat?post=2023"},{"taxonomy":"product_tag","embeddable":true,"href":"https:\/\/www.halas.si\/de\/wp-json\/wp\/v2\/product_tag?post=2023"}],"curies":[{"name":"wp","href":"https:\/\/api.w.org\/{rel}","templated":true}]}}