{"id":2022,"date":"2023-12-15T12:18:59","date_gmt":"2023-12-15T12:18:59","guid":{"rendered":"https:\/\/www.halas.si\/izdelek\/wandleuchte-aus-eichenholz-dorotea\/"},"modified":"2023-12-15T12:18:59","modified_gmt":"2023-12-15T12:18:59","slug":"wandleuchte-aus-eichenholz-dorotea","status":"publish","type":"product","link":"https:\/\/www.halas.si\/de\/izdelek\/wandleuchte-aus-eichenholz-dorotea\/","title":{"rendered":"Wandleuchte aus Eichenholz DOROTEA"},"content":{"rendered":"<p>ABMESSUNGEN: 15,4 x 25 x 13,5 cm LEISTUNG: 40 W (inklusive E14-Gl\u00fchbirne) LEUCHTST\u00c4RKE: 470 lm LICHTFARBE: 2700K LEISTUNG: 4 kW\/1000 h INSTALLATION: Im Paket erhalten Sie eine Anleitung und alles, was Sie f\u00fcr die Installation ben\u00f6tigen. GARANTIE: 2 Jahre HINWEIS: Holz ist ein nat\u00fcrliches Material, daher kann die Maserung des Holzes variieren. Das f\u00fcr die Laterne verwendete Holz stammt vollst\u00e4ndig von einem FSC-zertifizierten Lieferanten.<\/p>\n","protected":false},"excerpt":{"rendered":"<p><span style=\"font-weight: 400;\">Die verspielte DOROTEA Wandleuchte aus Eichenholz bringt Eleganz, W\u00e4rme und ein Gef\u00fchl von Gem\u00fctlichkeit in Ihren Raum.  <\/span><\/p>\n<p><span style=\"font-weight: 400;\">Seine Form und sein Design lassen mehr Licht herein und sorgen f\u00fcr eine hervorragende Umgebungs- oder Akzentbeleuchtung.<\/span><\/p>\n<p>Es ist eine sehr vielseitige Lampe, die sich in fast jedem Raum des Hauses gut macht. Sie k\u00f6nnen sie im Flur, im Treppenhaus, im Schlafzimmer, im Esszimmer, im Wohnzimmer, im Eingangsbereich, neben dem Kamin oder im Keller aufstellen. <\/p>\n","protected":false},"featured_media":1281,"comment_status":"closed","ping_status":"closed","template":"","meta":{"inline_featured_image":false},"product_brand":[],"product_cat":[46],"product_tag":[],"class_list":{"0":"post-2022","1":"product","2":"type-product","3":"status-publish","4":"has-post-thumbnail","6":"product_cat-holzlaternen","7":"resize-featured-image","8":"","9":"woocommerce-text-align-left","10":"woocommerce-image-align-center","11":"do-quantity-buttons","13":"first","14":"instock","15":"taxable","16":"shipping-taxable","17":"purchasable","18":"product-type-simple"},"yoast_head":"<!-- This site is optimized with the Yoast SEO plugin v27.4 - https:\/\/yoast.com\/product\/yoast-seo-wordpress\/ -->\n<title>Wandleuchte aus Eichenholz DOROTEA - Halas<\/title>\n<meta name=\"robots\" content=\"index, follow, max-snippet:-1, max-image-preview:large, max-video-preview:-1\" \/>\n<link rel=\"canonical\" href=\"https:\/\/www.halas.si\/de\/izdelek\/wandleuchte-aus-eichenholz-dorotea\/\" \/>\n<meta property=\"og:locale\" content=\"de_DE\" \/>\n<meta property=\"og:type\" content=\"article\" \/>\n<meta property=\"og:title\" content=\"Wandleuchte aus Eichenholz DOROTEA - Halas\" \/>\n<meta property=\"og:description\" content=\"Die verspielte DOROTEA Wandleuchte aus Eichenholz bringt Eleganz, W\u00e4rme und ein Gef\u00fchl von Gem\u00fctlichkeit in Ihren Raum.  Seine Form und sein Design lassen mehr Licht herein und sorgen f\u00fcr eine hervorragende Umgebungs- oder Akzentbeleuchtung. Es ist eine sehr vielseitige Lampe, die sich in fast jedem Raum des Hauses gut macht. Sie k\u00f6nnen sie im Flur, im Treppenhaus, im Schlafzimmer, im Esszimmer, im Wohnzimmer, im Eingangsbereich, neben dem Kamin oder im Keller aufstellen.\" \/>\n<meta property=\"og:url\" content=\"https:\/\/www.halas.si\/de\/izdelek\/wandleuchte-aus-eichenholz-dorotea\/\" \/>\n<meta property=\"og:site_name\" content=\"Halas\" \/>\n<meta property=\"article:publisher\" content=\"https:\/\/www.facebook.com\/HalasLights\/\" \/>\n<meta property=\"og:image\" content=\"https:\/\/www.halas.si\/wp-content\/uploads\/2023\/12\/DOROTEA-2.png\" \/>\n\t<meta property=\"og:image:width\" content=\"1588\" \/>\n\t<meta property=\"og:image:height\" content=\"1191\" \/>\n\t<meta property=\"og:image:type\" content=\"image\/png\" \/>\n<meta name=\"twitter:card\" content=\"summary_large_image\" \/>\n<script type=\"application\/ld+json\" class=\"yoast-schema-graph\">{\"@context\":\"https:\\\/\\\/schema.org\",\"@graph\":[{\"@type\":\"WebPage\",\"@id\":\"https:\\\/\\\/www.halas.si\\\/de\\\/izdelek\\\/wandleuchte-aus-eichenholz-dorotea\\\/\",\"url\":\"https:\\\/\\\/www.halas.si\\\/de\\\/izdelek\\\/wandleuchte-aus-eichenholz-dorotea\\\/\",\"name\":\"Wandleuchte aus Eichenholz DOROTEA - Halas\",\"isPartOf\":{\"@id\":\"https:\\\/\\\/www.halas.si\\\/de\\\/#website\"},\"primaryImageOfPage\":{\"@id\":\"https:\\\/\\\/www.halas.si\\\/de\\\/izdelek\\\/wandleuchte-aus-eichenholz-dorotea\\\/#primaryimage\"},\"image\":{\"@id\":\"https:\\\/\\\/www.halas.si\\\/de\\\/izdelek\\\/wandleuchte-aus-eichenholz-dorotea\\\/#primaryimage\"},\"thumbnailUrl\":\"https:\\\/\\\/www.halas.si\\\/wp-content\\\/uploads\\\/2023\\\/12\\\/DOROTEA-2.png\",\"datePublished\":\"2023-12-15T12:18:59+00:00\",\"breadcrumb\":{\"@id\":\"https:\\\/\\\/www.halas.si\\\/de\\\/izdelek\\\/wandleuchte-aus-eichenholz-dorotea\\\/#breadcrumb\"},\"inLanguage\":\"de\",\"potentialAction\":[{\"@type\":\"ReadAction\",\"target\":[\"https:\\\/\\\/www.halas.si\\\/de\\\/izdelek\\\/wandleuchte-aus-eichenholz-dorotea\\\/\"]}]},{\"@type\":\"ImageObject\",\"inLanguage\":\"de\",\"@id\":\"https:\\\/\\\/www.halas.si\\\/de\\\/izdelek\\\/wandleuchte-aus-eichenholz-dorotea\\\/#primaryimage\",\"url\":\"https:\\\/\\\/www.halas.si\\\/wp-content\\\/uploads\\\/2023\\\/12\\\/DOROTEA-2.png\",\"contentUrl\":\"https:\\\/\\\/www.halas.si\\\/wp-content\\\/uploads\\\/2023\\\/12\\\/DOROTEA-2.png\",\"width\":1588,\"height\":1191},{\"@type\":\"BreadcrumbList\",\"@id\":\"https:\\\/\\\/www.halas.si\\\/de\\\/izdelek\\\/wandleuchte-aus-eichenholz-dorotea\\\/#breadcrumb\",\"itemListElement\":[{\"@type\":\"ListItem\",\"position\":1,\"name\":\"Home\",\"item\":\"https:\\\/\\\/www.halas.si\\\/de\\\/\"},{\"@type\":\"ListItem\",\"position\":2,\"name\":\"Shop\",\"item\":\"https:\\\/\\\/www.halas.si\\\/de\\\/shop\\\/\"},{\"@type\":\"ListItem\",\"position\":3,\"name\":\"Wandleuchte aus Eichenholz DOROTEA\"}]},{\"@type\":\"WebSite\",\"@id\":\"https:\\\/\\\/www.halas.si\\\/de\\\/#website\",\"url\":\"https:\\\/\\\/www.halas.si\\\/de\\\/\",\"name\":\"Svetila Halas\",\"description\":\"\",\"publisher\":{\"@id\":\"https:\\\/\\\/www.halas.si\\\/de\\\/#organization\"},\"potentialAction\":[{\"@type\":\"SearchAction\",\"target\":{\"@type\":\"EntryPoint\",\"urlTemplate\":\"https:\\\/\\\/www.halas.si\\\/de\\\/?s={search_term_string}\"},\"query-input\":{\"@type\":\"PropertyValueSpecification\",\"valueRequired\":true,\"valueName\":\"search_term_string\"}}],\"inLanguage\":\"de\"},{\"@type\":\"Organization\",\"@id\":\"https:\\\/\\\/www.halas.si\\\/de\\\/#organization\",\"name\":\"Halas Lampen\",\"url\":\"https:\\\/\\\/www.halas.si\\\/de\\\/\",\"logo\":{\"@type\":\"ImageObject\",\"inLanguage\":\"de\",\"@id\":\"https:\\\/\\\/www.halas.si\\\/de\\\/#\\\/schema\\\/logo\\\/image\\\/\",\"url\":\"https:\\\/\\\/www.halas.si\\\/wp-content\\\/uploads\\\/2023\\\/11\\\/halas-logotip.png\",\"contentUrl\":\"https:\\\/\\\/www.halas.si\\\/wp-content\\\/uploads\\\/2023\\\/11\\\/halas-logotip.png\",\"width\":871,\"height\":1029,\"caption\":\"Halas Lampen\"},\"image\":{\"@id\":\"https:\\\/\\\/www.halas.si\\\/de\\\/#\\\/schema\\\/logo\\\/image\\\/\"},\"sameAs\":[\"https:\\\/\\\/www.facebook.com\\\/HalasLights\\\/\"]}]}<\/script>\n<!-- \/ Yoast SEO plugin. -->","yoast_head_json":{"title":"Wandleuchte aus Eichenholz DOROTEA - Halas","robots":{"index":"index","follow":"follow","max-snippet":"max-snippet:-1","max-image-preview":"max-image-preview:large","max-video-preview":"max-video-preview:-1"},"canonical":"https:\/\/www.halas.si\/de\/izdelek\/wandleuchte-aus-eichenholz-dorotea\/","og_locale":"de_DE","og_type":"article","og_title":"Wandleuchte aus Eichenholz DOROTEA - Halas","og_description":"Die verspielte DOROTEA Wandleuchte aus Eichenholz bringt Eleganz, W\u00e4rme und ein Gef\u00fchl von Gem\u00fctlichkeit in Ihren Raum.  Seine Form und sein Design lassen mehr Licht herein und sorgen f\u00fcr eine hervorragende Umgebungs- oder Akzentbeleuchtung. Es ist eine sehr vielseitige Lampe, die sich in fast jedem Raum des Hauses gut macht. Sie k\u00f6nnen sie im Flur, im Treppenhaus, im Schlafzimmer, im Esszimmer, im Wohnzimmer, im Eingangsbereich, neben dem Kamin oder im Keller aufstellen.","og_url":"https:\/\/www.halas.si\/de\/izdelek\/wandleuchte-aus-eichenholz-dorotea\/","og_site_name":"Halas","article_publisher":"https:\/\/www.facebook.com\/HalasLights\/","og_image":[{"width":1588,"height":1191,"url":"https:\/\/www.halas.si\/wp-content\/uploads\/2023\/12\/DOROTEA-2.png","type":"image\/png"}],"twitter_card":"summary_large_image","schema":{"@context":"https:\/\/schema.org","@graph":[{"@type":"WebPage","@id":"https:\/\/www.halas.si\/de\/izdelek\/wandleuchte-aus-eichenholz-dorotea\/","url":"https:\/\/www.halas.si\/de\/izdelek\/wandleuchte-aus-eichenholz-dorotea\/","name":"Wandleuchte aus Eichenholz DOROTEA - Halas","isPartOf":{"@id":"https:\/\/www.halas.si\/de\/#website"},"primaryImageOfPage":{"@id":"https:\/\/www.halas.si\/de\/izdelek\/wandleuchte-aus-eichenholz-dorotea\/#primaryimage"},"image":{"@id":"https:\/\/www.halas.si\/de\/izdelek\/wandleuchte-aus-eichenholz-dorotea\/#primaryimage"},"thumbnailUrl":"https:\/\/www.halas.si\/wp-content\/uploads\/2023\/12\/DOROTEA-2.png","datePublished":"2023-12-15T12:18:59+00:00","breadcrumb":{"@id":"https:\/\/www.halas.si\/de\/izdelek\/wandleuchte-aus-eichenholz-dorotea\/#breadcrumb"},"inLanguage":"de","potentialAction":[{"@type":"ReadAction","target":["https:\/\/www.halas.si\/de\/izdelek\/wandleuchte-aus-eichenholz-dorotea\/"]}]},{"@type":"ImageObject","inLanguage":"de","@id":"https:\/\/www.halas.si\/de\/izdelek\/wandleuchte-aus-eichenholz-dorotea\/#primaryimage","url":"https:\/\/www.halas.si\/wp-content\/uploads\/2023\/12\/DOROTEA-2.png","contentUrl":"https:\/\/www.halas.si\/wp-content\/uploads\/2023\/12\/DOROTEA-2.png","width":1588,"height":1191},{"@type":"BreadcrumbList","@id":"https:\/\/www.halas.si\/de\/izdelek\/wandleuchte-aus-eichenholz-dorotea\/#breadcrumb","itemListElement":[{"@type":"ListItem","position":1,"name":"Home","item":"https:\/\/www.halas.si\/de\/"},{"@type":"ListItem","position":2,"name":"Shop","item":"https:\/\/www.halas.si\/de\/shop\/"},{"@type":"ListItem","position":3,"name":"Wandleuchte aus Eichenholz DOROTEA"}]},{"@type":"WebSite","@id":"https:\/\/www.halas.si\/de\/#website","url":"https:\/\/www.halas.si\/de\/","name":"Svetila Halas","description":"","publisher":{"@id":"https:\/\/www.halas.si\/de\/#organization"},"potentialAction":[{"@type":"SearchAction","target":{"@type":"EntryPoint","urlTemplate":"https:\/\/www.halas.si\/de\/?s={search_term_string}"},"query-input":{"@type":"PropertyValueSpecification","valueRequired":true,"valueName":"search_term_string"}}],"inLanguage":"de"},{"@type":"Organization","@id":"https:\/\/www.halas.si\/de\/#organization","name":"Halas Lampen","url":"https:\/\/www.halas.si\/de\/","logo":{"@type":"ImageObject","inLanguage":"de","@id":"https:\/\/www.halas.si\/de\/#\/schema\/logo\/image\/","url":"https:\/\/www.halas.si\/wp-content\/uploads\/2023\/11\/halas-logotip.png","contentUrl":"https:\/\/www.halas.si\/wp-content\/uploads\/2023\/11\/halas-logotip.png","width":871,"height":1029,"caption":"Halas Lampen"},"image":{"@id":"https:\/\/www.halas.si\/de\/#\/schema\/logo\/image\/"},"sameAs":["https:\/\/www.facebook.com\/HalasLights\/"]}]}},"_links":{"self":[{"href":"https:\/\/www.halas.si\/de\/wp-json\/wp\/v2\/product\/2022","targetHints":{"allow":["GET"]}}],"collection":[{"href":"https:\/\/www.halas.si\/de\/wp-json\/wp\/v2\/product"}],"about":[{"href":"https:\/\/www.halas.si\/de\/wp-json\/wp\/v2\/types\/product"}],"replies":[{"embeddable":true,"href":"https:\/\/www.halas.si\/de\/wp-json\/wp\/v2\/comments?post=2022"}],"wp:featuredmedia":[{"embeddable":true,"href":"https:\/\/www.halas.si\/de\/wp-json\/wp\/v2\/media\/1281"}],"wp:attachment":[{"href":"https:\/\/www.halas.si\/de\/wp-json\/wp\/v2\/media?parent=2022"}],"wp:term":[{"taxonomy":"product_brand","embeddable":true,"href":"https:\/\/www.halas.si\/de\/wp-json\/wp\/v2\/product_brand?post=2022"},{"taxonomy":"product_cat","embeddable":true,"href":"https:\/\/www.halas.si\/de\/wp-json\/wp\/v2\/product_cat?post=2022"},{"taxonomy":"product_tag","embeddable":true,"href":"https:\/\/www.halas.si\/de\/wp-json\/wp\/v2\/product_tag?post=2022"}],"curies":[{"name":"wp","href":"https:\/\/api.w.org\/{rel}","templated":true}]}}