{"id":2018,"date":"2023-12-15T09:26:09","date_gmt":"2023-12-15T09:26:09","guid":{"rendered":"https:\/\/www.halas.si\/izdelek\/sechseckige-haengende-deckenleuchte-tulip-aus-holz\/"},"modified":"2023-12-15T09:26:09","modified_gmt":"2023-12-15T09:26:09","slug":"sechseckige-haengende-deckenleuchte-tulip-aus-holz","status":"publish","type":"product","link":"https:\/\/www.halas.si\/de\/izdelek\/sechseckige-haengende-deckenleuchte-tulip-aus-holz\/","title":{"rendered":"Sechseckige h\u00e4ngende Deckenleuchte TULIP aus Holz"},"content":{"rendered":"<p>ABMESSUNGEN: 27,5 x 33 cm<\/p>\n<p>LEISTUNG: 60 W (LED-Gl\u00fchbirne E27 enthalten, dimmbar &#8211; Schalter nicht enthalten)<\/p>\n<p>LEUCHTST\u00c4RKE: 1055 lm<\/p>\n<p>LICHTFARBE: 2700K<\/p>\n<p>LEISTUNG: 8 kW\/1000 h<\/p>\n<p>INSTALLATION: Im Paket erhalten Sie eine Anleitung und alles, was Sie f\u00fcr die Installation ben\u00f6tigen.<\/p>\n<p>GARANTIE: 2 Jahre<\/p>\n<p>HINWEIS: Holz ist ein nat\u00fcrliches Material, daher k\u00f6nnen die Lampen in ihrer Maserung variieren.<\/p>\n","protected":false},"excerpt":{"rendered":"<p><span style=\"font-weight: 400;\">Diese elegante sechseckige Pendelleuchte ist eine Verschmelzung der Sch\u00f6nheit der Natur mit modernem Design.<\/span><\/p>\n<p>Es ist die perfekte Erg\u00e4nzung f\u00fcr Ihr Wohnzimmer, Esszimmer, Schlafzimmer oder B\u00fcro. Sie ist aus hochwertigem Birkensperrholz gefertigt und strahlt daher Best\u00e4ndigkeit und Langlebigkeit aus. Sorgf\u00e4ltig ausgew\u00e4hlte Materialien sorgen nicht nur f\u00fcr eine lange Lebensdauer, sondern tragen auch zur umweltfreundlichen Ausstrahlung der Lampe bei.<\/p>\n","protected":false},"featured_media":1287,"comment_status":"closed","ping_status":"closed","template":"","meta":{"inline_featured_image":false},"product_brand":[],"product_cat":[46],"product_tag":[],"class_list":{"0":"post-2018","1":"product","2":"type-product","3":"status-publish","4":"has-post-thumbnail","6":"product_cat-holzlaternen","7":"resize-featured-image","8":"","9":"woocommerce-text-align-left","10":"woocommerce-image-align-center","11":"do-quantity-buttons","13":"first","14":"instock","15":"taxable","16":"shipping-taxable","17":"purchasable","18":"product-type-simple"},"yoast_head":"<!-- This site is optimized with the Yoast SEO plugin v27.4 - https:\/\/yoast.com\/product\/yoast-seo-wordpress\/ -->\n<title>Sechseckige h\u00e4ngende Deckenleuchte TULIP aus Holz - Halas<\/title>\n<meta name=\"robots\" content=\"index, follow, max-snippet:-1, max-image-preview:large, max-video-preview:-1\" \/>\n<link rel=\"canonical\" href=\"https:\/\/www.halas.si\/de\/izdelek\/sechseckige-haengende-deckenleuchte-tulip-aus-holz\/\" \/>\n<meta property=\"og:locale\" content=\"de_DE\" \/>\n<meta property=\"og:type\" content=\"article\" \/>\n<meta property=\"og:title\" content=\"Sechseckige h\u00e4ngende Deckenleuchte TULIP aus Holz - Halas\" \/>\n<meta property=\"og:description\" content=\"Diese elegante sechseckige Pendelleuchte ist eine Verschmelzung der Sch\u00f6nheit der Natur mit modernem Design. Es ist die perfekte Erg\u00e4nzung f\u00fcr Ihr Wohnzimmer, Esszimmer, Schlafzimmer oder B\u00fcro. Sie ist aus hochwertigem Birkensperrholz gefertigt und strahlt daher Best\u00e4ndigkeit und Langlebigkeit aus. Sorgf\u00e4ltig ausgew\u00e4hlte Materialien sorgen nicht nur f\u00fcr eine lange Lebensdauer, sondern tragen auch zur umweltfreundlichen Ausstrahlung der Lampe bei.\" \/>\n<meta property=\"og:url\" content=\"https:\/\/www.halas.si\/de\/izdelek\/sechseckige-haengende-deckenleuchte-tulip-aus-holz\/\" \/>\n<meta property=\"og:site_name\" content=\"Halas\" \/>\n<meta property=\"article:publisher\" content=\"https:\/\/www.facebook.com\/HalasLights\/\" \/>\n<meta property=\"og:image\" content=\"https:\/\/www.halas.si\/wp-content\/uploads\/2023\/12\/TULIP-2.png\" \/>\n\t<meta property=\"og:image:width\" content=\"1588\" \/>\n\t<meta property=\"og:image:height\" content=\"1191\" \/>\n\t<meta property=\"og:image:type\" content=\"image\/png\" \/>\n<meta name=\"twitter:card\" content=\"summary_large_image\" \/>\n<script type=\"application\/ld+json\" class=\"yoast-schema-graph\">{\"@context\":\"https:\\\/\\\/schema.org\",\"@graph\":[{\"@type\":\"WebPage\",\"@id\":\"https:\\\/\\\/www.halas.si\\\/de\\\/izdelek\\\/sechseckige-haengende-deckenleuchte-tulip-aus-holz\\\/\",\"url\":\"https:\\\/\\\/www.halas.si\\\/de\\\/izdelek\\\/sechseckige-haengende-deckenleuchte-tulip-aus-holz\\\/\",\"name\":\"Sechseckige h\u00e4ngende Deckenleuchte TULIP aus Holz - Halas\",\"isPartOf\":{\"@id\":\"https:\\\/\\\/www.halas.si\\\/de\\\/#website\"},\"primaryImageOfPage\":{\"@id\":\"https:\\\/\\\/www.halas.si\\\/de\\\/izdelek\\\/sechseckige-haengende-deckenleuchte-tulip-aus-holz\\\/#primaryimage\"},\"image\":{\"@id\":\"https:\\\/\\\/www.halas.si\\\/de\\\/izdelek\\\/sechseckige-haengende-deckenleuchte-tulip-aus-holz\\\/#primaryimage\"},\"thumbnailUrl\":\"https:\\\/\\\/www.halas.si\\\/wp-content\\\/uploads\\\/2023\\\/12\\\/TULIP-2.png\",\"datePublished\":\"2023-12-15T09:26:09+00:00\",\"breadcrumb\":{\"@id\":\"https:\\\/\\\/www.halas.si\\\/de\\\/izdelek\\\/sechseckige-haengende-deckenleuchte-tulip-aus-holz\\\/#breadcrumb\"},\"inLanguage\":\"de\",\"potentialAction\":[{\"@type\":\"ReadAction\",\"target\":[\"https:\\\/\\\/www.halas.si\\\/de\\\/izdelek\\\/sechseckige-haengende-deckenleuchte-tulip-aus-holz\\\/\"]}]},{\"@type\":\"ImageObject\",\"inLanguage\":\"de\",\"@id\":\"https:\\\/\\\/www.halas.si\\\/de\\\/izdelek\\\/sechseckige-haengende-deckenleuchte-tulip-aus-holz\\\/#primaryimage\",\"url\":\"https:\\\/\\\/www.halas.si\\\/wp-content\\\/uploads\\\/2023\\\/12\\\/TULIP-2.png\",\"contentUrl\":\"https:\\\/\\\/www.halas.si\\\/wp-content\\\/uploads\\\/2023\\\/12\\\/TULIP-2.png\",\"width\":1588,\"height\":1191},{\"@type\":\"BreadcrumbList\",\"@id\":\"https:\\\/\\\/www.halas.si\\\/de\\\/izdelek\\\/sechseckige-haengende-deckenleuchte-tulip-aus-holz\\\/#breadcrumb\",\"itemListElement\":[{\"@type\":\"ListItem\",\"position\":1,\"name\":\"Home\",\"item\":\"https:\\\/\\\/www.halas.si\\\/de\\\/\"},{\"@type\":\"ListItem\",\"position\":2,\"name\":\"Shop\",\"item\":\"https:\\\/\\\/www.halas.si\\\/de\\\/shop\\\/\"},{\"@type\":\"ListItem\",\"position\":3,\"name\":\"Sechseckige h\u00e4ngende Deckenleuchte TULIP aus Holz\"}]},{\"@type\":\"WebSite\",\"@id\":\"https:\\\/\\\/www.halas.si\\\/de\\\/#website\",\"url\":\"https:\\\/\\\/www.halas.si\\\/de\\\/\",\"name\":\"Svetila Halas\",\"description\":\"\",\"publisher\":{\"@id\":\"https:\\\/\\\/www.halas.si\\\/de\\\/#organization\"},\"potentialAction\":[{\"@type\":\"SearchAction\",\"target\":{\"@type\":\"EntryPoint\",\"urlTemplate\":\"https:\\\/\\\/www.halas.si\\\/de\\\/?s={search_term_string}\"},\"query-input\":{\"@type\":\"PropertyValueSpecification\",\"valueRequired\":true,\"valueName\":\"search_term_string\"}}],\"inLanguage\":\"de\"},{\"@type\":\"Organization\",\"@id\":\"https:\\\/\\\/www.halas.si\\\/de\\\/#organization\",\"name\":\"Halas Lampen\",\"url\":\"https:\\\/\\\/www.halas.si\\\/de\\\/\",\"logo\":{\"@type\":\"ImageObject\",\"inLanguage\":\"de\",\"@id\":\"https:\\\/\\\/www.halas.si\\\/de\\\/#\\\/schema\\\/logo\\\/image\\\/\",\"url\":\"https:\\\/\\\/www.halas.si\\\/wp-content\\\/uploads\\\/2023\\\/11\\\/halas-logotip.png\",\"contentUrl\":\"https:\\\/\\\/www.halas.si\\\/wp-content\\\/uploads\\\/2023\\\/11\\\/halas-logotip.png\",\"width\":871,\"height\":1029,\"caption\":\"Halas Lampen\"},\"image\":{\"@id\":\"https:\\\/\\\/www.halas.si\\\/de\\\/#\\\/schema\\\/logo\\\/image\\\/\"},\"sameAs\":[\"https:\\\/\\\/www.facebook.com\\\/HalasLights\\\/\"]}]}<\/script>\n<!-- \/ Yoast SEO plugin. -->","yoast_head_json":{"title":"Sechseckige h\u00e4ngende Deckenleuchte TULIP aus Holz - Halas","robots":{"index":"index","follow":"follow","max-snippet":"max-snippet:-1","max-image-preview":"max-image-preview:large","max-video-preview":"max-video-preview:-1"},"canonical":"https:\/\/www.halas.si\/de\/izdelek\/sechseckige-haengende-deckenleuchte-tulip-aus-holz\/","og_locale":"de_DE","og_type":"article","og_title":"Sechseckige h\u00e4ngende Deckenleuchte TULIP aus Holz - Halas","og_description":"Diese elegante sechseckige Pendelleuchte ist eine Verschmelzung der Sch\u00f6nheit der Natur mit modernem Design. Es ist die perfekte Erg\u00e4nzung f\u00fcr Ihr Wohnzimmer, Esszimmer, Schlafzimmer oder B\u00fcro. Sie ist aus hochwertigem Birkensperrholz gefertigt und strahlt daher Best\u00e4ndigkeit und Langlebigkeit aus. Sorgf\u00e4ltig ausgew\u00e4hlte Materialien sorgen nicht nur f\u00fcr eine lange Lebensdauer, sondern tragen auch zur umweltfreundlichen Ausstrahlung der Lampe bei.","og_url":"https:\/\/www.halas.si\/de\/izdelek\/sechseckige-haengende-deckenleuchte-tulip-aus-holz\/","og_site_name":"Halas","article_publisher":"https:\/\/www.facebook.com\/HalasLights\/","og_image":[{"width":1588,"height":1191,"url":"https:\/\/www.halas.si\/wp-content\/uploads\/2023\/12\/TULIP-2.png","type":"image\/png"}],"twitter_card":"summary_large_image","schema":{"@context":"https:\/\/schema.org","@graph":[{"@type":"WebPage","@id":"https:\/\/www.halas.si\/de\/izdelek\/sechseckige-haengende-deckenleuchte-tulip-aus-holz\/","url":"https:\/\/www.halas.si\/de\/izdelek\/sechseckige-haengende-deckenleuchte-tulip-aus-holz\/","name":"Sechseckige h\u00e4ngende Deckenleuchte TULIP aus Holz - Halas","isPartOf":{"@id":"https:\/\/www.halas.si\/de\/#website"},"primaryImageOfPage":{"@id":"https:\/\/www.halas.si\/de\/izdelek\/sechseckige-haengende-deckenleuchte-tulip-aus-holz\/#primaryimage"},"image":{"@id":"https:\/\/www.halas.si\/de\/izdelek\/sechseckige-haengende-deckenleuchte-tulip-aus-holz\/#primaryimage"},"thumbnailUrl":"https:\/\/www.halas.si\/wp-content\/uploads\/2023\/12\/TULIP-2.png","datePublished":"2023-12-15T09:26:09+00:00","breadcrumb":{"@id":"https:\/\/www.halas.si\/de\/izdelek\/sechseckige-haengende-deckenleuchte-tulip-aus-holz\/#breadcrumb"},"inLanguage":"de","potentialAction":[{"@type":"ReadAction","target":["https:\/\/www.halas.si\/de\/izdelek\/sechseckige-haengende-deckenleuchte-tulip-aus-holz\/"]}]},{"@type":"ImageObject","inLanguage":"de","@id":"https:\/\/www.halas.si\/de\/izdelek\/sechseckige-haengende-deckenleuchte-tulip-aus-holz\/#primaryimage","url":"https:\/\/www.halas.si\/wp-content\/uploads\/2023\/12\/TULIP-2.png","contentUrl":"https:\/\/www.halas.si\/wp-content\/uploads\/2023\/12\/TULIP-2.png","width":1588,"height":1191},{"@type":"BreadcrumbList","@id":"https:\/\/www.halas.si\/de\/izdelek\/sechseckige-haengende-deckenleuchte-tulip-aus-holz\/#breadcrumb","itemListElement":[{"@type":"ListItem","position":1,"name":"Home","item":"https:\/\/www.halas.si\/de\/"},{"@type":"ListItem","position":2,"name":"Shop","item":"https:\/\/www.halas.si\/de\/shop\/"},{"@type":"ListItem","position":3,"name":"Sechseckige h\u00e4ngende Deckenleuchte TULIP aus Holz"}]},{"@type":"WebSite","@id":"https:\/\/www.halas.si\/de\/#website","url":"https:\/\/www.halas.si\/de\/","name":"Svetila Halas","description":"","publisher":{"@id":"https:\/\/www.halas.si\/de\/#organization"},"potentialAction":[{"@type":"SearchAction","target":{"@type":"EntryPoint","urlTemplate":"https:\/\/www.halas.si\/de\/?s={search_term_string}"},"query-input":{"@type":"PropertyValueSpecification","valueRequired":true,"valueName":"search_term_string"}}],"inLanguage":"de"},{"@type":"Organization","@id":"https:\/\/www.halas.si\/de\/#organization","name":"Halas Lampen","url":"https:\/\/www.halas.si\/de\/","logo":{"@type":"ImageObject","inLanguage":"de","@id":"https:\/\/www.halas.si\/de\/#\/schema\/logo\/image\/","url":"https:\/\/www.halas.si\/wp-content\/uploads\/2023\/11\/halas-logotip.png","contentUrl":"https:\/\/www.halas.si\/wp-content\/uploads\/2023\/11\/halas-logotip.png","width":871,"height":1029,"caption":"Halas Lampen"},"image":{"@id":"https:\/\/www.halas.si\/de\/#\/schema\/logo\/image\/"},"sameAs":["https:\/\/www.facebook.com\/HalasLights\/"]}]}},"_links":{"self":[{"href":"https:\/\/www.halas.si\/de\/wp-json\/wp\/v2\/product\/2018","targetHints":{"allow":["GET"]}}],"collection":[{"href":"https:\/\/www.halas.si\/de\/wp-json\/wp\/v2\/product"}],"about":[{"href":"https:\/\/www.halas.si\/de\/wp-json\/wp\/v2\/types\/product"}],"replies":[{"embeddable":true,"href":"https:\/\/www.halas.si\/de\/wp-json\/wp\/v2\/comments?post=2018"}],"wp:featuredmedia":[{"embeddable":true,"href":"https:\/\/www.halas.si\/de\/wp-json\/wp\/v2\/media\/1287"}],"wp:attachment":[{"href":"https:\/\/www.halas.si\/de\/wp-json\/wp\/v2\/media?parent=2018"}],"wp:term":[{"taxonomy":"product_brand","embeddable":true,"href":"https:\/\/www.halas.si\/de\/wp-json\/wp\/v2\/product_brand?post=2018"},{"taxonomy":"product_cat","embeddable":true,"href":"https:\/\/www.halas.si\/de\/wp-json\/wp\/v2\/product_cat?post=2018"},{"taxonomy":"product_tag","embeddable":true,"href":"https:\/\/www.halas.si\/de\/wp-json\/wp\/v2\/product_tag?post=2018"}],"curies":[{"name":"wp","href":"https:\/\/api.w.org\/{rel}","templated":true}]}}