{"id":2002,"date":"2024-01-30T14:01:54","date_gmt":"2024-01-30T14:01:54","guid":{"rendered":"https:\/\/www.halas.si\/izdelek\/lesen-kreuz-mit-lebendem-rand\/"},"modified":"2025-12-22T13:15:19","modified_gmt":"2025-12-22T13:15:19","slug":"lesen-kreuz-mit-lebendem-rand","status":"publish","type":"product","link":"https:\/\/www.halas.si\/de\/izdelek\/lesen-kreuz-mit-lebendem-rand\/","title":{"rendered":"Holzkreuz mit Baumkante modern und minimalistisch Kreuz"},"content":{"rendered":"<p>MINIMALISTISCHES DESIGN:<br \/>\nHandgefertigtes Wandkreuz aus Massivholz mit naturbelassener Kante.<\/p>\n<p>\ud83c\udf81 DAS PERFEKTE GESCHENK:<br \/>\nSind Sie auf der Suche nach einem sinnvollen Geschenk? Ob zum Einzug, zur Hochzeit, zum Jubil\u00e4um, zur Taufe, zur Konfirmation oder zu einem anderen besonderen Anlass \u2013 dieses h\u00f6lzerne Wandkreuz ist ein herzliches und dauerhaftes Geschenk, an dem sich die Beschenkten noch viele Jahre erfreuen werden.<\/p>\n<p>\ud83d\udd28 ANPASSBARKEIT:<br \/>\nWenn Sie dem Kreuz eine pers\u00f6nliche Note verleihen m\u00f6chten (z. B. eine eingravierte Widmung, ein Bibelzitat, eine andere Holzart &#8230;), stehen wir Ihnen f\u00fcr Sonderanfertigungen gerne zur Verf\u00fcgung. Kontaktieren Sie uns vor dem Kauf: <a href=\"mailto:info@halas.si\">info@halas.si<\/a>.<\/p>\n<p>ABMESSUNGEN: Erh\u00e4ltlich in 5 verschiedenen Gr\u00f6\u00dfen:<br \/>\nS 40 x 21,5 x 7 cm<br \/>\nM 60 x 32 x 9 cm<br \/>\nL 74 x 40 x 11 cm<br \/>\nXL 100 x 54 x 13 cm<br \/>\nXXL 120 x 65 x 17 cm<\/p>\n<p>MATERIAL:<br \/>\nKreuz: 100 % FSC-zertifiziertes Massivholz aus Eiche, Nussbaum oder Ahorn (f\u00fcr andere Holzarten kontaktieren Sie uns bitte)<\/p>\n<p>SCHUTZ:<br \/>\nHolz: Lein\u00f6l<\/p>\n<p>WANDBEFESTIGUNG: Mit der mitgelieferten Wandschraube bereit zum Aufh\u00e4ngen<\/p>\n<p>ANWENDUNG: Nur f\u00fcr den Innenbereich! (Wenn Sie es f\u00fcr den Au\u00dfenbereich verwenden m\u00f6chten, teilen Sie uns dies bitte vor der Bestellung mit.)<\/p>\n<p>HINWEIS: Jedes Kreuz ist handgefertigt und ein Unikat, daher kann das von Ihnen bestellte Produkt geringf\u00fcgig vom abgebildeten Produkt abweichen.<\/p>\n","protected":false},"excerpt":{"rendered":"<p><span style=\"font-weight: 400;\">Dieses Wandkreuz aus massivem Holz ist minimalistisch, \u00fcberrascht jedoch durch seine Tiefe und Einzigartigkeit aus jedem Blickwinkel. Die lebhafte Kante verleiht ihm einen besonderen rustikalen Touch.<br \/>\n<\/span><\/p>\n","protected":false},"featured_media":1810,"comment_status":"closed","ping_status":"closed","template":"","meta":{"inline_featured_image":false},"product_brand":[],"product_cat":[47],"product_tag":[],"class_list":{"0":"post-2002","1":"product","2":"type-product","3":"status-publish","4":"has-post-thumbnail","6":"product_cat-holzkreuze","7":"resize-featured-image","8":"","9":"woocommerce-text-align-left","10":"woocommerce-image-align-center","11":"do-quantity-buttons","13":"first","14":"instock","15":"taxable","16":"shipping-taxable","17":"purchasable","18":"product-type-variable"},"yoast_head":"<!-- This site is optimized with the Yoast SEO plugin v27.4 - https:\/\/yoast.com\/product\/yoast-seo-wordpress\/ -->\n<title>Holzkreuz mit Baumkante modern und minimalistisch Kreuz - Halas<\/title>\n<meta name=\"robots\" content=\"index, follow, max-snippet:-1, max-image-preview:large, max-video-preview:-1\" \/>\n<link rel=\"canonical\" href=\"https:\/\/www.halas.si\/de\/izdelek\/lesen-kreuz-mit-lebendem-rand\/\" \/>\n<meta property=\"og:locale\" content=\"de_DE\" \/>\n<meta property=\"og:type\" content=\"article\" \/>\n<meta property=\"og:title\" content=\"Holzkreuz mit Baumkante modern und minimalistisch Kreuz - Halas\" \/>\n<meta property=\"og:description\" content=\"Dieses Wandkreuz aus massivem Holz ist minimalistisch, \u00fcberrascht jedoch durch seine Tiefe und Einzigartigkeit aus jedem Blickwinkel. Die lebhafte Kante verleiht ihm einen besonderen rustikalen Touch.\" \/>\n<meta property=\"og:url\" content=\"https:\/\/www.halas.si\/de\/izdelek\/lesen-kreuz-mit-lebendem-rand\/\" \/>\n<meta property=\"og:site_name\" content=\"Halas\" \/>\n<meta property=\"article:publisher\" content=\"https:\/\/www.facebook.com\/HalasLights\/\" \/>\n<meta property=\"article:modified_time\" content=\"2025-12-22T13:15:19+00:00\" \/>\n<meta property=\"og:image\" content=\"https:\/\/www.halas.si\/wp-content\/uploads\/2024\/01\/1.png\" \/>\n\t<meta property=\"og:image:width\" content=\"1588\" \/>\n\t<meta property=\"og:image:height\" content=\"1191\" \/>\n\t<meta property=\"og:image:type\" content=\"image\/png\" \/>\n<meta name=\"twitter:card\" content=\"summary_large_image\" \/>\n<meta name=\"twitter:label1\" content=\"Gesch\u00e4tzte Lesezeit\" \/>\n\t<meta name=\"twitter:data1\" content=\"2\u00a0Minuten\" \/>\n<script type=\"application\/ld+json\" class=\"yoast-schema-graph\">{\"@context\":\"https:\\\/\\\/schema.org\",\"@graph\":[{\"@type\":\"WebPage\",\"@id\":\"https:\\\/\\\/www.halas.si\\\/de\\\/izdelek\\\/lesen-kreuz-mit-lebendem-rand\\\/\",\"url\":\"https:\\\/\\\/www.halas.si\\\/de\\\/izdelek\\\/lesen-kreuz-mit-lebendem-rand\\\/\",\"name\":\"Holzkreuz mit Baumkante modern und minimalistisch Kreuz - Halas\",\"isPartOf\":{\"@id\":\"https:\\\/\\\/www.halas.si\\\/de\\\/#website\"},\"primaryImageOfPage\":{\"@id\":\"https:\\\/\\\/www.halas.si\\\/de\\\/izdelek\\\/lesen-kreuz-mit-lebendem-rand\\\/#primaryimage\"},\"image\":{\"@id\":\"https:\\\/\\\/www.halas.si\\\/de\\\/izdelek\\\/lesen-kreuz-mit-lebendem-rand\\\/#primaryimage\"},\"thumbnailUrl\":\"https:\\\/\\\/www.halas.si\\\/wp-content\\\/uploads\\\/2024\\\/01\\\/1.png\",\"datePublished\":\"2024-01-30T14:01:54+00:00\",\"dateModified\":\"2025-12-22T13:15:19+00:00\",\"breadcrumb\":{\"@id\":\"https:\\\/\\\/www.halas.si\\\/de\\\/izdelek\\\/lesen-kreuz-mit-lebendem-rand\\\/#breadcrumb\"},\"inLanguage\":\"de\",\"potentialAction\":[{\"@type\":\"ReadAction\",\"target\":[\"https:\\\/\\\/www.halas.si\\\/de\\\/izdelek\\\/lesen-kreuz-mit-lebendem-rand\\\/\"]}]},{\"@type\":\"ImageObject\",\"inLanguage\":\"de\",\"@id\":\"https:\\\/\\\/www.halas.si\\\/de\\\/izdelek\\\/lesen-kreuz-mit-lebendem-rand\\\/#primaryimage\",\"url\":\"https:\\\/\\\/www.halas.si\\\/wp-content\\\/uploads\\\/2024\\\/01\\\/1.png\",\"contentUrl\":\"https:\\\/\\\/www.halas.si\\\/wp-content\\\/uploads\\\/2024\\\/01\\\/1.png\",\"width\":1588,\"height\":1191},{\"@type\":\"BreadcrumbList\",\"@id\":\"https:\\\/\\\/www.halas.si\\\/de\\\/izdelek\\\/lesen-kreuz-mit-lebendem-rand\\\/#breadcrumb\",\"itemListElement\":[{\"@type\":\"ListItem\",\"position\":1,\"name\":\"Home\",\"item\":\"https:\\\/\\\/www.halas.si\\\/de\\\/\"},{\"@type\":\"ListItem\",\"position\":2,\"name\":\"Shop\",\"item\":\"https:\\\/\\\/www.halas.si\\\/de\\\/shop\\\/\"},{\"@type\":\"ListItem\",\"position\":3,\"name\":\"Holzkreuz mit Baumkante modern und minimalistisch Kreuz\"}]},{\"@type\":\"WebSite\",\"@id\":\"https:\\\/\\\/www.halas.si\\\/de\\\/#website\",\"url\":\"https:\\\/\\\/www.halas.si\\\/de\\\/\",\"name\":\"Svetila Halas\",\"description\":\"\",\"publisher\":{\"@id\":\"https:\\\/\\\/www.halas.si\\\/de\\\/#organization\"},\"potentialAction\":[{\"@type\":\"SearchAction\",\"target\":{\"@type\":\"EntryPoint\",\"urlTemplate\":\"https:\\\/\\\/www.halas.si\\\/de\\\/?s={search_term_string}\"},\"query-input\":{\"@type\":\"PropertyValueSpecification\",\"valueRequired\":true,\"valueName\":\"search_term_string\"}}],\"inLanguage\":\"de\"},{\"@type\":\"Organization\",\"@id\":\"https:\\\/\\\/www.halas.si\\\/de\\\/#organization\",\"name\":\"Halas Lampen\",\"url\":\"https:\\\/\\\/www.halas.si\\\/de\\\/\",\"logo\":{\"@type\":\"ImageObject\",\"inLanguage\":\"de\",\"@id\":\"https:\\\/\\\/www.halas.si\\\/de\\\/#\\\/schema\\\/logo\\\/image\\\/\",\"url\":\"https:\\\/\\\/www.halas.si\\\/wp-content\\\/uploads\\\/2023\\\/11\\\/halas-logotip.png\",\"contentUrl\":\"https:\\\/\\\/www.halas.si\\\/wp-content\\\/uploads\\\/2023\\\/11\\\/halas-logotip.png\",\"width\":871,\"height\":1029,\"caption\":\"Halas Lampen\"},\"image\":{\"@id\":\"https:\\\/\\\/www.halas.si\\\/de\\\/#\\\/schema\\\/logo\\\/image\\\/\"},\"sameAs\":[\"https:\\\/\\\/www.facebook.com\\\/HalasLights\\\/\"]}]}<\/script>\n<!-- \/ Yoast SEO plugin. -->","yoast_head_json":{"title":"Holzkreuz mit Baumkante modern und minimalistisch Kreuz - Halas","robots":{"index":"index","follow":"follow","max-snippet":"max-snippet:-1","max-image-preview":"max-image-preview:large","max-video-preview":"max-video-preview:-1"},"canonical":"https:\/\/www.halas.si\/de\/izdelek\/lesen-kreuz-mit-lebendem-rand\/","og_locale":"de_DE","og_type":"article","og_title":"Holzkreuz mit Baumkante modern und minimalistisch Kreuz - Halas","og_description":"Dieses Wandkreuz aus massivem Holz ist minimalistisch, \u00fcberrascht jedoch durch seine Tiefe und Einzigartigkeit aus jedem Blickwinkel. Die lebhafte Kante verleiht ihm einen besonderen rustikalen Touch.","og_url":"https:\/\/www.halas.si\/de\/izdelek\/lesen-kreuz-mit-lebendem-rand\/","og_site_name":"Halas","article_publisher":"https:\/\/www.facebook.com\/HalasLights\/","article_modified_time":"2025-12-22T13:15:19+00:00","og_image":[{"width":1588,"height":1191,"url":"https:\/\/www.halas.si\/wp-content\/uploads\/2024\/01\/1.png","type":"image\/png"}],"twitter_card":"summary_large_image","twitter_misc":{"Gesch\u00e4tzte Lesezeit":"2\u00a0Minuten"},"schema":{"@context":"https:\/\/schema.org","@graph":[{"@type":"WebPage","@id":"https:\/\/www.halas.si\/de\/izdelek\/lesen-kreuz-mit-lebendem-rand\/","url":"https:\/\/www.halas.si\/de\/izdelek\/lesen-kreuz-mit-lebendem-rand\/","name":"Holzkreuz mit Baumkante modern und minimalistisch Kreuz - Halas","isPartOf":{"@id":"https:\/\/www.halas.si\/de\/#website"},"primaryImageOfPage":{"@id":"https:\/\/www.halas.si\/de\/izdelek\/lesen-kreuz-mit-lebendem-rand\/#primaryimage"},"image":{"@id":"https:\/\/www.halas.si\/de\/izdelek\/lesen-kreuz-mit-lebendem-rand\/#primaryimage"},"thumbnailUrl":"https:\/\/www.halas.si\/wp-content\/uploads\/2024\/01\/1.png","datePublished":"2024-01-30T14:01:54+00:00","dateModified":"2025-12-22T13:15:19+00:00","breadcrumb":{"@id":"https:\/\/www.halas.si\/de\/izdelek\/lesen-kreuz-mit-lebendem-rand\/#breadcrumb"},"inLanguage":"de","potentialAction":[{"@type":"ReadAction","target":["https:\/\/www.halas.si\/de\/izdelek\/lesen-kreuz-mit-lebendem-rand\/"]}]},{"@type":"ImageObject","inLanguage":"de","@id":"https:\/\/www.halas.si\/de\/izdelek\/lesen-kreuz-mit-lebendem-rand\/#primaryimage","url":"https:\/\/www.halas.si\/wp-content\/uploads\/2024\/01\/1.png","contentUrl":"https:\/\/www.halas.si\/wp-content\/uploads\/2024\/01\/1.png","width":1588,"height":1191},{"@type":"BreadcrumbList","@id":"https:\/\/www.halas.si\/de\/izdelek\/lesen-kreuz-mit-lebendem-rand\/#breadcrumb","itemListElement":[{"@type":"ListItem","position":1,"name":"Home","item":"https:\/\/www.halas.si\/de\/"},{"@type":"ListItem","position":2,"name":"Shop","item":"https:\/\/www.halas.si\/de\/shop\/"},{"@type":"ListItem","position":3,"name":"Holzkreuz mit Baumkante modern und minimalistisch Kreuz"}]},{"@type":"WebSite","@id":"https:\/\/www.halas.si\/de\/#website","url":"https:\/\/www.halas.si\/de\/","name":"Svetila Halas","description":"","publisher":{"@id":"https:\/\/www.halas.si\/de\/#organization"},"potentialAction":[{"@type":"SearchAction","target":{"@type":"EntryPoint","urlTemplate":"https:\/\/www.halas.si\/de\/?s={search_term_string}"},"query-input":{"@type":"PropertyValueSpecification","valueRequired":true,"valueName":"search_term_string"}}],"inLanguage":"de"},{"@type":"Organization","@id":"https:\/\/www.halas.si\/de\/#organization","name":"Halas Lampen","url":"https:\/\/www.halas.si\/de\/","logo":{"@type":"ImageObject","inLanguage":"de","@id":"https:\/\/www.halas.si\/de\/#\/schema\/logo\/image\/","url":"https:\/\/www.halas.si\/wp-content\/uploads\/2023\/11\/halas-logotip.png","contentUrl":"https:\/\/www.halas.si\/wp-content\/uploads\/2023\/11\/halas-logotip.png","width":871,"height":1029,"caption":"Halas Lampen"},"image":{"@id":"https:\/\/www.halas.si\/de\/#\/schema\/logo\/image\/"},"sameAs":["https:\/\/www.facebook.com\/HalasLights\/"]}]}},"_links":{"self":[{"href":"https:\/\/www.halas.si\/de\/wp-json\/wp\/v2\/product\/2002","targetHints":{"allow":["GET"]}}],"collection":[{"href":"https:\/\/www.halas.si\/de\/wp-json\/wp\/v2\/product"}],"about":[{"href":"https:\/\/www.halas.si\/de\/wp-json\/wp\/v2\/types\/product"}],"replies":[{"embeddable":true,"href":"https:\/\/www.halas.si\/de\/wp-json\/wp\/v2\/comments?post=2002"}],"wp:featuredmedia":[{"embeddable":true,"href":"https:\/\/www.halas.si\/de\/wp-json\/wp\/v2\/media\/1810"}],"wp:attachment":[{"href":"https:\/\/www.halas.si\/de\/wp-json\/wp\/v2\/media?parent=2002"}],"wp:term":[{"taxonomy":"product_brand","embeddable":true,"href":"https:\/\/www.halas.si\/de\/wp-json\/wp\/v2\/product_brand?post=2002"},{"taxonomy":"product_cat","embeddable":true,"href":"https:\/\/www.halas.si\/de\/wp-json\/wp\/v2\/product_cat?post=2002"},{"taxonomy":"product_tag","embeddable":true,"href":"https:\/\/www.halas.si\/de\/wp-json\/wp\/v2\/product_tag?post=2002"}],"curies":[{"name":"wp","href":"https:\/\/api.w.org\/{rel}","templated":true}]}}