{"id":1997,"date":"2024-01-30T14:05:22","date_gmt":"2024-01-30T14:05:22","guid":{"rendered":"https:\/\/www.halas.si\/izdelek\/lesen-kreuz-mit-korpus\/"},"modified":"2025-12-22T13:15:47","modified_gmt":"2025-12-22T13:15:47","slug":"lesen-kreuz-mit-korpus","status":"publish","type":"product","link":"https:\/\/www.halas.si\/de\/izdelek\/lesen-kreuz-mit-korpus\/","title":{"rendered":"Holzkreuz mit Korpus modern und minimalistisch Kreuz"},"content":{"rendered":"<p>MINIMALISTISCHES DESIGN: Handgefertigtes Wandkreuz aus Eichenholz mit stilisiertem Korpus aus pulverbeschichtetem Aluminium.<\/p>\n<p>\ud83c\udf81 DAS PERFEKTE GESCHENK:<br \/>\nSind Sie auf der Suche nach einem sinnvollen Geschenk? Ob zum Einzug, zur Hochzeit, zum Jubil\u00e4um, zur Taufe, zur Konfirmation oder zu einem anderen besonderen Anlass \u2013 dieses h\u00f6lzerne Wandkreuz ist ein herzliches und dauerhaftes Geschenk, an dem sich die Beschenkten noch viele Jahre erfreuen werden.<\/p>\n<p>\ud83d\udd28 ANPASSBARKEIT:<br \/>\nWenn Sie dem Kreuz eine pers\u00f6nliche Note verleihen m\u00f6chten (z. B. eine eingravierte Widmung, ein Bibelzitat, eine andere Holzart &#8230;), stehen wir Ihnen f\u00fcr Sonderanfertigungen gerne zur Verf\u00fcgung. Kontaktieren Sie uns vor dem Kauf: <a href=\"mailto:info@halas.si\">info@halas.si<\/a>.<\/p>\n<p>ABMESSUNGEN: Erh\u00e4ltlich in 4 verschiedenen Gr\u00f6\u00dfen:<\/p>\n<p>XS 27&#215;14,5&#215;5 cm<\/p>\n<p>S 40&#215;21,5&#215;7 cm<\/p>\n<p>M 60x32x9 cm<\/p>\n<p>L 74x40x11 cm<\/p>\n<p>MATERIAL:<br \/>\nKreuz: 100 % FSC-zertifiziertes massives Eichenholz (f\u00fcr andere Holzarten wie Nussbaum, Ahorn usw. kontaktieren Sie uns bitte)<br \/>\nKorpus: Aluminium<\/p>\n<p>SCHUTZ:<br \/>\nHolz: Lein\u00f6l<br \/>\nKorpus: Anthrazit pulverbeschichtet<\/p>\n<p>WANDBEFESTIGUNG: Mit der mitgelieferten Wandschraube bereit zum Aufh\u00e4ngen<\/p>\n<p>ANWENDUNG: Nur f\u00fcr den Innenbereich! (Wenn Sie es f\u00fcr den Au\u00dfenbereich verwenden m\u00f6chten, teilen Sie uns dies bitte vor der Bestellung mit.)<\/p>\n<p>HINWEIS: Jedes Kreuz ist handgefertigt und ein Unikat, daher kann das von Ihnen bestellte Produkt geringf\u00fcgig vom abgebildeten Produkt abweichen.<\/p>\n","protected":false},"excerpt":{"rendered":"<p><span style=\"font-weight: 400;\">Dieses Wandkreuz aus Eichenholz hat ein minimalistisches Design und ist mit einem eleganten, stilisierten Korpus verziert.<\/span><\/p>\n","protected":false},"featured_media":1782,"comment_status":"closed","ping_status":"closed","template":"","meta":{"inline_featured_image":false},"product_brand":[],"product_cat":[47],"product_tag":[],"class_list":{"0":"post-1997","1":"product","2":"type-product","3":"status-publish","4":"has-post-thumbnail","6":"product_cat-holzkreuze","7":"resize-featured-image","8":"","9":"woocommerce-text-align-left","10":"woocommerce-image-align-center","11":"do-quantity-buttons","13":"first","14":"instock","15":"taxable","16":"shipping-taxable","17":"purchasable","18":"product-type-variable","19":"has-default-attributes"},"yoast_head":"<!-- This site is optimized with the Yoast SEO plugin v27.4 - https:\/\/yoast.com\/product\/yoast-seo-wordpress\/ -->\n<title>Holzkreuz mit Korpus modern und minimalistisch Kreuz - Halas<\/title>\n<meta name=\"description\" content=\"MINIMALISTISCHES DESIGN: Handgefertigtes Wandkreuz aus Eichenholz mit stilisiertem Korpus aus pulverbeschichtetem Aluminium.\" \/>\n<meta name=\"robots\" content=\"index, follow, max-snippet:-1, max-image-preview:large, max-video-preview:-1\" \/>\n<link rel=\"canonical\" href=\"https:\/\/www.halas.si\/de\/izdelek\/lesen-kreuz-mit-korpus\/\" \/>\n<meta property=\"og:locale\" content=\"de_DE\" \/>\n<meta property=\"og:type\" content=\"article\" \/>\n<meta property=\"og:title\" content=\"Holzkreuz mit Korpus modern und minimalistisch Kreuz - Halas\" \/>\n<meta property=\"og:description\" content=\"MINIMALISTISCHES DESIGN: Handgefertigtes Wandkreuz aus Eichenholz mit stilisiertem Korpus aus pulverbeschichtetem Aluminium.\" \/>\n<meta property=\"og:url\" content=\"https:\/\/www.halas.si\/de\/izdelek\/lesen-kreuz-mit-korpus\/\" \/>\n<meta property=\"og:site_name\" content=\"Halas\" \/>\n<meta property=\"article:publisher\" content=\"https:\/\/www.facebook.com\/HalasLights\/\" \/>\n<meta property=\"article:modified_time\" content=\"2025-12-22T13:15:47+00:00\" \/>\n<meta property=\"og:image\" content=\"https:\/\/www.halas.si\/wp-content\/uploads\/2024\/01\/korpus-1.png\" \/>\n\t<meta property=\"og:image:width\" content=\"1588\" \/>\n\t<meta property=\"og:image:height\" content=\"1191\" \/>\n\t<meta property=\"og:image:type\" content=\"image\/png\" \/>\n<meta name=\"twitter:card\" content=\"summary_large_image\" \/>\n<meta name=\"twitter:label1\" content=\"Gesch\u00e4tzte Lesezeit\" \/>\n\t<meta name=\"twitter:data1\" content=\"2\u00a0Minuten\" \/>\n<script type=\"application\/ld+json\" class=\"yoast-schema-graph\">{\"@context\":\"https:\\\/\\\/schema.org\",\"@graph\":[{\"@type\":\"WebPage\",\"@id\":\"https:\\\/\\\/www.halas.si\\\/de\\\/izdelek\\\/lesen-kreuz-mit-korpus\\\/\",\"url\":\"https:\\\/\\\/www.halas.si\\\/de\\\/izdelek\\\/lesen-kreuz-mit-korpus\\\/\",\"name\":\"Holzkreuz mit Korpus modern und minimalistisch Kreuz - Halas\",\"isPartOf\":{\"@id\":\"https:\\\/\\\/www.halas.si\\\/de\\\/#website\"},\"primaryImageOfPage\":{\"@id\":\"https:\\\/\\\/www.halas.si\\\/de\\\/izdelek\\\/lesen-kreuz-mit-korpus\\\/#primaryimage\"},\"image\":{\"@id\":\"https:\\\/\\\/www.halas.si\\\/de\\\/izdelek\\\/lesen-kreuz-mit-korpus\\\/#primaryimage\"},\"thumbnailUrl\":\"https:\\\/\\\/www.halas.si\\\/wp-content\\\/uploads\\\/2024\\\/01\\\/korpus-1.png\",\"datePublished\":\"2024-01-30T14:05:22+00:00\",\"dateModified\":\"2025-12-22T13:15:47+00:00\",\"description\":\"MINIMALISTISCHES DESIGN: Handgefertigtes Wandkreuz aus Eichenholz mit stilisiertem Korpus aus pulverbeschichtetem Aluminium.\",\"breadcrumb\":{\"@id\":\"https:\\\/\\\/www.halas.si\\\/de\\\/izdelek\\\/lesen-kreuz-mit-korpus\\\/#breadcrumb\"},\"inLanguage\":\"de\",\"potentialAction\":[{\"@type\":\"ReadAction\",\"target\":[\"https:\\\/\\\/www.halas.si\\\/de\\\/izdelek\\\/lesen-kreuz-mit-korpus\\\/\"]}]},{\"@type\":\"ImageObject\",\"inLanguage\":\"de\",\"@id\":\"https:\\\/\\\/www.halas.si\\\/de\\\/izdelek\\\/lesen-kreuz-mit-korpus\\\/#primaryimage\",\"url\":\"https:\\\/\\\/www.halas.si\\\/wp-content\\\/uploads\\\/2024\\\/01\\\/korpus-1.png\",\"contentUrl\":\"https:\\\/\\\/www.halas.si\\\/wp-content\\\/uploads\\\/2024\\\/01\\\/korpus-1.png\",\"width\":1588,\"height\":1191},{\"@type\":\"BreadcrumbList\",\"@id\":\"https:\\\/\\\/www.halas.si\\\/de\\\/izdelek\\\/lesen-kreuz-mit-korpus\\\/#breadcrumb\",\"itemListElement\":[{\"@type\":\"ListItem\",\"position\":1,\"name\":\"Home\",\"item\":\"https:\\\/\\\/www.halas.si\\\/de\\\/\"},{\"@type\":\"ListItem\",\"position\":2,\"name\":\"Shop\",\"item\":\"https:\\\/\\\/www.halas.si\\\/de\\\/shop\\\/\"},{\"@type\":\"ListItem\",\"position\":3,\"name\":\"Holzkreuz mit Korpus modern und minimalistisch Kreuz\"}]},{\"@type\":\"WebSite\",\"@id\":\"https:\\\/\\\/www.halas.si\\\/de\\\/#website\",\"url\":\"https:\\\/\\\/www.halas.si\\\/de\\\/\",\"name\":\"Svetila Halas\",\"description\":\"\",\"publisher\":{\"@id\":\"https:\\\/\\\/www.halas.si\\\/de\\\/#organization\"},\"potentialAction\":[{\"@type\":\"SearchAction\",\"target\":{\"@type\":\"EntryPoint\",\"urlTemplate\":\"https:\\\/\\\/www.halas.si\\\/de\\\/?s={search_term_string}\"},\"query-input\":{\"@type\":\"PropertyValueSpecification\",\"valueRequired\":true,\"valueName\":\"search_term_string\"}}],\"inLanguage\":\"de\"},{\"@type\":\"Organization\",\"@id\":\"https:\\\/\\\/www.halas.si\\\/de\\\/#organization\",\"name\":\"Halas Lampen\",\"url\":\"https:\\\/\\\/www.halas.si\\\/de\\\/\",\"logo\":{\"@type\":\"ImageObject\",\"inLanguage\":\"de\",\"@id\":\"https:\\\/\\\/www.halas.si\\\/de\\\/#\\\/schema\\\/logo\\\/image\\\/\",\"url\":\"https:\\\/\\\/www.halas.si\\\/wp-content\\\/uploads\\\/2023\\\/11\\\/halas-logotip.png\",\"contentUrl\":\"https:\\\/\\\/www.halas.si\\\/wp-content\\\/uploads\\\/2023\\\/11\\\/halas-logotip.png\",\"width\":871,\"height\":1029,\"caption\":\"Halas Lampen\"},\"image\":{\"@id\":\"https:\\\/\\\/www.halas.si\\\/de\\\/#\\\/schema\\\/logo\\\/image\\\/\"},\"sameAs\":[\"https:\\\/\\\/www.facebook.com\\\/HalasLights\\\/\"]}]}<\/script>\n<!-- \/ Yoast SEO plugin. -->","yoast_head_json":{"title":"Holzkreuz mit Korpus modern und minimalistisch Kreuz - Halas","description":"MINIMALISTISCHES DESIGN: Handgefertigtes Wandkreuz aus Eichenholz mit stilisiertem Korpus aus pulverbeschichtetem Aluminium.","robots":{"index":"index","follow":"follow","max-snippet":"max-snippet:-1","max-image-preview":"max-image-preview:large","max-video-preview":"max-video-preview:-1"},"canonical":"https:\/\/www.halas.si\/de\/izdelek\/lesen-kreuz-mit-korpus\/","og_locale":"de_DE","og_type":"article","og_title":"Holzkreuz mit Korpus modern und minimalistisch Kreuz - Halas","og_description":"MINIMALISTISCHES DESIGN: Handgefertigtes Wandkreuz aus Eichenholz mit stilisiertem Korpus aus pulverbeschichtetem Aluminium.","og_url":"https:\/\/www.halas.si\/de\/izdelek\/lesen-kreuz-mit-korpus\/","og_site_name":"Halas","article_publisher":"https:\/\/www.facebook.com\/HalasLights\/","article_modified_time":"2025-12-22T13:15:47+00:00","og_image":[{"width":1588,"height":1191,"url":"https:\/\/www.halas.si\/wp-content\/uploads\/2024\/01\/korpus-1.png","type":"image\/png"}],"twitter_card":"summary_large_image","twitter_misc":{"Gesch\u00e4tzte Lesezeit":"2\u00a0Minuten"},"schema":{"@context":"https:\/\/schema.org","@graph":[{"@type":"WebPage","@id":"https:\/\/www.halas.si\/de\/izdelek\/lesen-kreuz-mit-korpus\/","url":"https:\/\/www.halas.si\/de\/izdelek\/lesen-kreuz-mit-korpus\/","name":"Holzkreuz mit Korpus modern und minimalistisch Kreuz - Halas","isPartOf":{"@id":"https:\/\/www.halas.si\/de\/#website"},"primaryImageOfPage":{"@id":"https:\/\/www.halas.si\/de\/izdelek\/lesen-kreuz-mit-korpus\/#primaryimage"},"image":{"@id":"https:\/\/www.halas.si\/de\/izdelek\/lesen-kreuz-mit-korpus\/#primaryimage"},"thumbnailUrl":"https:\/\/www.halas.si\/wp-content\/uploads\/2024\/01\/korpus-1.png","datePublished":"2024-01-30T14:05:22+00:00","dateModified":"2025-12-22T13:15:47+00:00","description":"MINIMALISTISCHES DESIGN: Handgefertigtes Wandkreuz aus Eichenholz mit stilisiertem Korpus aus pulverbeschichtetem Aluminium.","breadcrumb":{"@id":"https:\/\/www.halas.si\/de\/izdelek\/lesen-kreuz-mit-korpus\/#breadcrumb"},"inLanguage":"de","potentialAction":[{"@type":"ReadAction","target":["https:\/\/www.halas.si\/de\/izdelek\/lesen-kreuz-mit-korpus\/"]}]},{"@type":"ImageObject","inLanguage":"de","@id":"https:\/\/www.halas.si\/de\/izdelek\/lesen-kreuz-mit-korpus\/#primaryimage","url":"https:\/\/www.halas.si\/wp-content\/uploads\/2024\/01\/korpus-1.png","contentUrl":"https:\/\/www.halas.si\/wp-content\/uploads\/2024\/01\/korpus-1.png","width":1588,"height":1191},{"@type":"BreadcrumbList","@id":"https:\/\/www.halas.si\/de\/izdelek\/lesen-kreuz-mit-korpus\/#breadcrumb","itemListElement":[{"@type":"ListItem","position":1,"name":"Home","item":"https:\/\/www.halas.si\/de\/"},{"@type":"ListItem","position":2,"name":"Shop","item":"https:\/\/www.halas.si\/de\/shop\/"},{"@type":"ListItem","position":3,"name":"Holzkreuz mit Korpus modern und minimalistisch Kreuz"}]},{"@type":"WebSite","@id":"https:\/\/www.halas.si\/de\/#website","url":"https:\/\/www.halas.si\/de\/","name":"Svetila Halas","description":"","publisher":{"@id":"https:\/\/www.halas.si\/de\/#organization"},"potentialAction":[{"@type":"SearchAction","target":{"@type":"EntryPoint","urlTemplate":"https:\/\/www.halas.si\/de\/?s={search_term_string}"},"query-input":{"@type":"PropertyValueSpecification","valueRequired":true,"valueName":"search_term_string"}}],"inLanguage":"de"},{"@type":"Organization","@id":"https:\/\/www.halas.si\/de\/#organization","name":"Halas Lampen","url":"https:\/\/www.halas.si\/de\/","logo":{"@type":"ImageObject","inLanguage":"de","@id":"https:\/\/www.halas.si\/de\/#\/schema\/logo\/image\/","url":"https:\/\/www.halas.si\/wp-content\/uploads\/2023\/11\/halas-logotip.png","contentUrl":"https:\/\/www.halas.si\/wp-content\/uploads\/2023\/11\/halas-logotip.png","width":871,"height":1029,"caption":"Halas Lampen"},"image":{"@id":"https:\/\/www.halas.si\/de\/#\/schema\/logo\/image\/"},"sameAs":["https:\/\/www.facebook.com\/HalasLights\/"]}]}},"_links":{"self":[{"href":"https:\/\/www.halas.si\/de\/wp-json\/wp\/v2\/product\/1997","targetHints":{"allow":["GET"]}}],"collection":[{"href":"https:\/\/www.halas.si\/de\/wp-json\/wp\/v2\/product"}],"about":[{"href":"https:\/\/www.halas.si\/de\/wp-json\/wp\/v2\/types\/product"}],"replies":[{"embeddable":true,"href":"https:\/\/www.halas.si\/de\/wp-json\/wp\/v2\/comments?post=1997"}],"wp:featuredmedia":[{"embeddable":true,"href":"https:\/\/www.halas.si\/de\/wp-json\/wp\/v2\/media\/1782"}],"wp:attachment":[{"href":"https:\/\/www.halas.si\/de\/wp-json\/wp\/v2\/media?parent=1997"}],"wp:term":[{"taxonomy":"product_brand","embeddable":true,"href":"https:\/\/www.halas.si\/de\/wp-json\/wp\/v2\/product_brand?post=1997"},{"taxonomy":"product_cat","embeddable":true,"href":"https:\/\/www.halas.si\/de\/wp-json\/wp\/v2\/product_cat?post=1997"},{"taxonomy":"product_tag","embeddable":true,"href":"https:\/\/www.halas.si\/de\/wp-json\/wp\/v2\/product_tag?post=1997"}],"curies":[{"name":"wp","href":"https:\/\/api.w.org\/{rel}","templated":true}]}}