{"id":1980,"date":"2024-05-13T12:13:06","date_gmt":"2024-05-13T12:13:06","guid":{"rendered":"https:\/\/www.halas.si\/izdelek\/deckenleuchte-aus-holz-voga\/"},"modified":"2025-12-22T13:12:23","modified_gmt":"2025-12-22T13:12:23","slug":"deckenleuchte-aus-holz-voga","status":"publish","type":"product","link":"https:\/\/www.halas.si\/de\/izdelek\/deckenleuchte-aus-holz-voga\/","title":{"rendered":"Deckenlampe VOGA Holz Leuchte mit Baumkante ge\u00f6lt rustikal Led direkte und indirekte Beleuchtung"},"content":{"rendered":"<p>ABMESSUNGEN:<br \/>\n120 &#8211; 200 cm L\u00e4nge (bitte fragen Sie uns vor dem Kauf nach den genauen Ma\u00dfen) LEISTUNG &amp; LICHTST\u00c4RKE:<br \/>\nDirekte Beleuchtung: von 4 W (350 lm)\/Gl\u00fchbirne bis zu 9 W (900 lm)\/Gl\u00fchbirne (GU10 Gl\u00fchbirnen im Lieferumfang enthalten)<br \/>\nIndirekte Beleuchtung: bis zu 2500 lm (dimmbar, Dimmschalter nicht enthalten) LICHTFARBE: 2700 K CUSTOMIZATION OPTION: Farbe des Gl\u00fchbirnengeh\u00e4uses (schwarz, wei\u00df, silber &#8211; w\u00e4hlen Sie aus dem Men\u00fc), Anzahl der Gl\u00fchbirnen (4 Gl\u00fchbirnen im Preis enthalten, wenn Sie eine andere Anzahl oder Anordnung der Gl\u00fchbirnen w\u00fcnschen, kontaktieren Sie uns bitte vor der Bestellung) INSTALLATION: Im Paket erhalten Sie eine Anleitung und alles, was Sie f\u00fcr die Installation ben\u00f6tigen. GARANTIE: 2 Jahre HINWEIS: Holz ist ein nat\u00fcrliches Material, daher variiert die Maserung des Holzes bei den Leuchten. Bei der Bestellung w\u00e4hlen Sie das gew\u00fcnschte Holzst\u00fcck aus, das wir Ihnen auf Wunsch auch wieder entziehen k\u00f6nnen.<\/p>\n","protected":false},"excerpt":{"rendered":"<p>Diese Deckenleuchte aus Eichenholz bringt direktes und stimmungsvolles Licht mit einem schwebenden Effekt in den Raum.<\/p>\n<p>Mit ihrer<span style=\"font-weight: 400;\">Gr\u00f6\u00dfe und der lebendigen Kante des Holzes bringt sie etwas Heimeliges und Au\u00dfergew\u00f6hnliches in jeden Raum.<br \/>\n<\/span><\/p>\n<p><span style=\"font-weight: 400;\">Die Leuchte ist mit nat\u00fcrlichem Lein\u00f6l gesch\u00fctzt und ist eine wunderbare Bereicherung f\u00fcr den Raum, auch wenn sie nicht beleuchtet ist.<\/span><\/p>\n","protected":false},"featured_media":1772,"comment_status":"closed","ping_status":"closed","template":"","meta":{"inline_featured_image":false},"product_brand":[],"product_cat":[46],"product_tag":[],"class_list":{"0":"post-1980","1":"product","2":"type-product","3":"status-publish","4":"has-post-thumbnail","6":"product_cat-holzlaternen","7":"resize-featured-image","8":"","9":"woocommerce-text-align-left","10":"woocommerce-image-align-center","11":"do-quantity-buttons","13":"first","14":"instock","15":"taxable","16":"shipping-taxable","17":"purchasable","18":"product-type-variable"},"yoast_head":"<!-- This site is optimized with the Yoast SEO plugin v27.5 - https:\/\/yoast.com\/product\/yoast-seo-wordpress\/ -->\n<title>Deckenlampe VOGA Holz Leuchte mit Baumkante ge\u00f6lt rustikal Led direkte und indirekte Beleuchtung - Halas<\/title>\n<meta name=\"robots\" content=\"index, follow, max-snippet:-1, max-image-preview:large, max-video-preview:-1\" \/>\n<link rel=\"canonical\" href=\"https:\/\/www.halas.si\/de\/izdelek\/deckenleuchte-aus-holz-voga\/\" \/>\n<meta property=\"og:locale\" content=\"de_DE\" \/>\n<meta property=\"og:type\" content=\"article\" \/>\n<meta property=\"og:title\" content=\"Deckenlampe VOGA Holz Leuchte mit Baumkante ge\u00f6lt rustikal Led direkte und indirekte Beleuchtung - Halas\" \/>\n<meta property=\"og:description\" content=\"Diese Deckenleuchte aus Eichenholz bringt direktes und stimmungsvolles Licht mit einem schwebenden Effekt in den Raum.  Mit ihrerGr\u00f6\u00dfe und der lebendigen Kante des Holzes bringt sie etwas Heimeliges und Au\u00dfergew\u00f6hnliches in jeden Raum.   Die Leuchte ist mit nat\u00fcrlichem Lein\u00f6l gesch\u00fctzt und ist eine wunderbare Bereicherung f\u00fcr den Raum, auch wenn sie nicht beleuchtet ist.\" \/>\n<meta property=\"og:url\" content=\"https:\/\/www.halas.si\/de\/izdelek\/deckenleuchte-aus-holz-voga\/\" \/>\n<meta property=\"og:site_name\" content=\"Halas\" \/>\n<meta property=\"article:publisher\" content=\"https:\/\/www.facebook.com\/HalasLights\/\" \/>\n<meta property=\"article:modified_time\" content=\"2025-12-22T13:12:23+00:00\" \/>\n<meta property=\"og:image\" content=\"https:\/\/www.halas.si\/wp-content\/uploads\/2024\/05\/voga-4.png\" \/>\n\t<meta property=\"og:image:width\" content=\"1588\" \/>\n\t<meta property=\"og:image:height\" content=\"1191\" \/>\n\t<meta property=\"og:image:type\" content=\"image\/png\" \/>\n<meta name=\"twitter:card\" content=\"summary_large_image\" \/>\n<meta name=\"twitter:label1\" content=\"Gesch\u00e4tzte Lesezeit\" \/>\n\t<meta name=\"twitter:data1\" content=\"1\u00a0Minute\" \/>\n<script type=\"application\/ld+json\" class=\"yoast-schema-graph\">{\"@context\":\"https:\\\/\\\/schema.org\",\"@graph\":[{\"@type\":\"WebPage\",\"@id\":\"https:\\\/\\\/www.halas.si\\\/de\\\/izdelek\\\/deckenleuchte-aus-holz-voga\\\/\",\"url\":\"https:\\\/\\\/www.halas.si\\\/de\\\/izdelek\\\/deckenleuchte-aus-holz-voga\\\/\",\"name\":\"Deckenlampe VOGA Holz Leuchte mit Baumkante ge\u00f6lt rustikal Led direkte und indirekte Beleuchtung - Halas\",\"isPartOf\":{\"@id\":\"https:\\\/\\\/www.halas.si\\\/de\\\/#website\"},\"primaryImageOfPage\":{\"@id\":\"https:\\\/\\\/www.halas.si\\\/de\\\/izdelek\\\/deckenleuchte-aus-holz-voga\\\/#primaryimage\"},\"image\":{\"@id\":\"https:\\\/\\\/www.halas.si\\\/de\\\/izdelek\\\/deckenleuchte-aus-holz-voga\\\/#primaryimage\"},\"thumbnailUrl\":\"https:\\\/\\\/www.halas.si\\\/wp-content\\\/uploads\\\/2024\\\/05\\\/voga-4.png\",\"datePublished\":\"2024-05-13T12:13:06+00:00\",\"dateModified\":\"2025-12-22T13:12:23+00:00\",\"breadcrumb\":{\"@id\":\"https:\\\/\\\/www.halas.si\\\/de\\\/izdelek\\\/deckenleuchte-aus-holz-voga\\\/#breadcrumb\"},\"inLanguage\":\"de\",\"potentialAction\":[{\"@type\":\"ReadAction\",\"target\":[\"https:\\\/\\\/www.halas.si\\\/de\\\/izdelek\\\/deckenleuchte-aus-holz-voga\\\/\"]}]},{\"@type\":\"ImageObject\",\"inLanguage\":\"de\",\"@id\":\"https:\\\/\\\/www.halas.si\\\/de\\\/izdelek\\\/deckenleuchte-aus-holz-voga\\\/#primaryimage\",\"url\":\"https:\\\/\\\/www.halas.si\\\/wp-content\\\/uploads\\\/2024\\\/05\\\/voga-4.png\",\"contentUrl\":\"https:\\\/\\\/www.halas.si\\\/wp-content\\\/uploads\\\/2024\\\/05\\\/voga-4.png\",\"width\":1588,\"height\":1191},{\"@type\":\"BreadcrumbList\",\"@id\":\"https:\\\/\\\/www.halas.si\\\/de\\\/izdelek\\\/deckenleuchte-aus-holz-voga\\\/#breadcrumb\",\"itemListElement\":[{\"@type\":\"ListItem\",\"position\":1,\"name\":\"Home\",\"item\":\"https:\\\/\\\/www.halas.si\\\/de\\\/\"},{\"@type\":\"ListItem\",\"position\":2,\"name\":\"Shop\",\"item\":\"https:\\\/\\\/www.halas.si\\\/de\\\/shop\\\/\"},{\"@type\":\"ListItem\",\"position\":3,\"name\":\"Deckenlampe VOGA Holz Leuchte mit Baumkante ge\u00f6lt rustikal Led direkte und indirekte Beleuchtung\"}]},{\"@type\":\"WebSite\",\"@id\":\"https:\\\/\\\/www.halas.si\\\/de\\\/#website\",\"url\":\"https:\\\/\\\/www.halas.si\\\/de\\\/\",\"name\":\"Svetila Halas\",\"description\":\"\",\"publisher\":{\"@id\":\"https:\\\/\\\/www.halas.si\\\/de\\\/#organization\"},\"potentialAction\":[{\"@type\":\"SearchAction\",\"target\":{\"@type\":\"EntryPoint\",\"urlTemplate\":\"https:\\\/\\\/www.halas.si\\\/de\\\/?s={search_term_string}\"},\"query-input\":{\"@type\":\"PropertyValueSpecification\",\"valueRequired\":true,\"valueName\":\"search_term_string\"}}],\"inLanguage\":\"de\"},{\"@type\":\"Organization\",\"@id\":\"https:\\\/\\\/www.halas.si\\\/de\\\/#organization\",\"name\":\"Halas Lampen\",\"url\":\"https:\\\/\\\/www.halas.si\\\/de\\\/\",\"logo\":{\"@type\":\"ImageObject\",\"inLanguage\":\"de\",\"@id\":\"https:\\\/\\\/www.halas.si\\\/de\\\/#\\\/schema\\\/logo\\\/image\\\/\",\"url\":\"https:\\\/\\\/www.halas.si\\\/wp-content\\\/uploads\\\/2023\\\/11\\\/halas-logotip.png\",\"contentUrl\":\"https:\\\/\\\/www.halas.si\\\/wp-content\\\/uploads\\\/2023\\\/11\\\/halas-logotip.png\",\"width\":871,\"height\":1029,\"caption\":\"Halas Lampen\"},\"image\":{\"@id\":\"https:\\\/\\\/www.halas.si\\\/de\\\/#\\\/schema\\\/logo\\\/image\\\/\"},\"sameAs\":[\"https:\\\/\\\/www.facebook.com\\\/HalasLights\\\/\"]}]}<\/script>\n<!-- \/ Yoast SEO plugin. -->","yoast_head_json":{"title":"Deckenlampe VOGA Holz Leuchte mit Baumkante ge\u00f6lt rustikal Led direkte und indirekte Beleuchtung - Halas","robots":{"index":"index","follow":"follow","max-snippet":"max-snippet:-1","max-image-preview":"max-image-preview:large","max-video-preview":"max-video-preview:-1"},"canonical":"https:\/\/www.halas.si\/de\/izdelek\/deckenleuchte-aus-holz-voga\/","og_locale":"de_DE","og_type":"article","og_title":"Deckenlampe VOGA Holz Leuchte mit Baumkante ge\u00f6lt rustikal Led direkte und indirekte Beleuchtung - Halas","og_description":"Diese Deckenleuchte aus Eichenholz bringt direktes und stimmungsvolles Licht mit einem schwebenden Effekt in den Raum.  Mit ihrerGr\u00f6\u00dfe und der lebendigen Kante des Holzes bringt sie etwas Heimeliges und Au\u00dfergew\u00f6hnliches in jeden Raum.   Die Leuchte ist mit nat\u00fcrlichem Lein\u00f6l gesch\u00fctzt und ist eine wunderbare Bereicherung f\u00fcr den Raum, auch wenn sie nicht beleuchtet ist.","og_url":"https:\/\/www.halas.si\/de\/izdelek\/deckenleuchte-aus-holz-voga\/","og_site_name":"Halas","article_publisher":"https:\/\/www.facebook.com\/HalasLights\/","article_modified_time":"2025-12-22T13:12:23+00:00","og_image":[{"width":1588,"height":1191,"url":"https:\/\/www.halas.si\/wp-content\/uploads\/2024\/05\/voga-4.png","type":"image\/png"}],"twitter_card":"summary_large_image","twitter_misc":{"Gesch\u00e4tzte Lesezeit":"1\u00a0Minute"},"schema":{"@context":"https:\/\/schema.org","@graph":[{"@type":"WebPage","@id":"https:\/\/www.halas.si\/de\/izdelek\/deckenleuchte-aus-holz-voga\/","url":"https:\/\/www.halas.si\/de\/izdelek\/deckenleuchte-aus-holz-voga\/","name":"Deckenlampe VOGA Holz Leuchte mit Baumkante ge\u00f6lt rustikal Led direkte und indirekte Beleuchtung - Halas","isPartOf":{"@id":"https:\/\/www.halas.si\/de\/#website"},"primaryImageOfPage":{"@id":"https:\/\/www.halas.si\/de\/izdelek\/deckenleuchte-aus-holz-voga\/#primaryimage"},"image":{"@id":"https:\/\/www.halas.si\/de\/izdelek\/deckenleuchte-aus-holz-voga\/#primaryimage"},"thumbnailUrl":"https:\/\/www.halas.si\/wp-content\/uploads\/2024\/05\/voga-4.png","datePublished":"2024-05-13T12:13:06+00:00","dateModified":"2025-12-22T13:12:23+00:00","breadcrumb":{"@id":"https:\/\/www.halas.si\/de\/izdelek\/deckenleuchte-aus-holz-voga\/#breadcrumb"},"inLanguage":"de","potentialAction":[{"@type":"ReadAction","target":["https:\/\/www.halas.si\/de\/izdelek\/deckenleuchte-aus-holz-voga\/"]}]},{"@type":"ImageObject","inLanguage":"de","@id":"https:\/\/www.halas.si\/de\/izdelek\/deckenleuchte-aus-holz-voga\/#primaryimage","url":"https:\/\/www.halas.si\/wp-content\/uploads\/2024\/05\/voga-4.png","contentUrl":"https:\/\/www.halas.si\/wp-content\/uploads\/2024\/05\/voga-4.png","width":1588,"height":1191},{"@type":"BreadcrumbList","@id":"https:\/\/www.halas.si\/de\/izdelek\/deckenleuchte-aus-holz-voga\/#breadcrumb","itemListElement":[{"@type":"ListItem","position":1,"name":"Home","item":"https:\/\/www.halas.si\/de\/"},{"@type":"ListItem","position":2,"name":"Shop","item":"https:\/\/www.halas.si\/de\/shop\/"},{"@type":"ListItem","position":3,"name":"Deckenlampe VOGA Holz Leuchte mit Baumkante ge\u00f6lt rustikal Led direkte und indirekte Beleuchtung"}]},{"@type":"WebSite","@id":"https:\/\/www.halas.si\/de\/#website","url":"https:\/\/www.halas.si\/de\/","name":"Svetila Halas","description":"","publisher":{"@id":"https:\/\/www.halas.si\/de\/#organization"},"potentialAction":[{"@type":"SearchAction","target":{"@type":"EntryPoint","urlTemplate":"https:\/\/www.halas.si\/de\/?s={search_term_string}"},"query-input":{"@type":"PropertyValueSpecification","valueRequired":true,"valueName":"search_term_string"}}],"inLanguage":"de"},{"@type":"Organization","@id":"https:\/\/www.halas.si\/de\/#organization","name":"Halas Lampen","url":"https:\/\/www.halas.si\/de\/","logo":{"@type":"ImageObject","inLanguage":"de","@id":"https:\/\/www.halas.si\/de\/#\/schema\/logo\/image\/","url":"https:\/\/www.halas.si\/wp-content\/uploads\/2023\/11\/halas-logotip.png","contentUrl":"https:\/\/www.halas.si\/wp-content\/uploads\/2023\/11\/halas-logotip.png","width":871,"height":1029,"caption":"Halas Lampen"},"image":{"@id":"https:\/\/www.halas.si\/de\/#\/schema\/logo\/image\/"},"sameAs":["https:\/\/www.facebook.com\/HalasLights\/"]}]}},"_links":{"self":[{"href":"https:\/\/www.halas.si\/de\/wp-json\/wp\/v2\/product\/1980","targetHints":{"allow":["GET"]}}],"collection":[{"href":"https:\/\/www.halas.si\/de\/wp-json\/wp\/v2\/product"}],"about":[{"href":"https:\/\/www.halas.si\/de\/wp-json\/wp\/v2\/types\/product"}],"replies":[{"embeddable":true,"href":"https:\/\/www.halas.si\/de\/wp-json\/wp\/v2\/comments?post=1980"}],"wp:featuredmedia":[{"embeddable":true,"href":"https:\/\/www.halas.si\/de\/wp-json\/wp\/v2\/media\/1772"}],"wp:attachment":[{"href":"https:\/\/www.halas.si\/de\/wp-json\/wp\/v2\/media?parent=1980"}],"wp:term":[{"taxonomy":"product_brand","embeddable":true,"href":"https:\/\/www.halas.si\/de\/wp-json\/wp\/v2\/product_brand?post=1980"},{"taxonomy":"product_cat","embeddable":true,"href":"https:\/\/www.halas.si\/de\/wp-json\/wp\/v2\/product_cat?post=1980"},{"taxonomy":"product_tag","embeddable":true,"href":"https:\/\/www.halas.si\/de\/wp-json\/wp\/v2\/product_tag?post=1980"}],"curies":[{"name":"wp","href":"https:\/\/api.w.org\/{rel}","templated":true}]}}